{"id":1065,"date":"2021-07-06T13:43:17","date_gmt":"2021-07-06T13:43:17","guid":{"rendered":"https:\/\/innovalia.com\/metrology\/"},"modified":"2022-05-03T07:42:46","modified_gmt":"2022-05-03T07:42:46","slug":"metrology","status":"publish","type":"page","link":"https:\/\/innovalia.com\/es\/metrology\/","title":{"rendered":"Metrology"},"content":{"rendered":"<p>[et_pb_section fb_built=\u00bb1&#8243; _builder_version=\u00bb4.16&#8243; _module_preset=\u00bbdefault\u00bb background_enable_image=\u00bboff\u00bb min_height=\u00bb1225.4px\u00bb custom_padding=\u00bb79px||71px||false|false\u00bb global_colors_info=\u00bb{}\u00bb][et_pb_row column_structure=\u00bb1_2,1_2&#8243; custom_padding_last_edited=\u00bbon|phone\u00bb _builder_version=\u00bb4.16&#8243; _module_preset=\u00bbdefault\u00bb width=\u00bb100%\u00bb custom_margin=\u00bb23px|auto||auto|false|false\u00bb custom_padding=\u00bb0px||0px|13em|false|false\u00bb custom_padding_tablet=\u00bb0px||0px|13em|false|false\u00bb custom_padding_phone=\u00bb|2em||2em|false|false\u00bb global_colors_info=\u00bb{}\u00bb][et_pb_column type=\u00bb1_2&#8243; _builder_version=\u00bb4.16&#8243; _module_preset=\u00bbdefault\u00bb global_colors_info=\u00bb{}\u00bb][et_pb_text _builder_version=\u00bb4.17.3&#8243; _module_preset=\u00bbdefault\u00bb global_colors_info=\u00bb{}\u00bb]<\/p>\n<h1>INNOVALIA METROLOGY<\/h1>\n<p>[\/et_pb_text][et_pb_text _builder_version=\u00bb4.17.3&#8243; _module_preset=\u00bbdefault\u00bb global_colors_info=\u00bb{}\u00bb]<\/p>\n<p>Innovalia Metrology integra los productos y servicios de Trimek, Datapixel y Unimetrik para ofrecer las mejores soluciones en metrolog\u00eda 3D y digital, proporcionando a sus clientes la posibilidad de alcanzar altos niveles de productividad, calidad y eficiencia en sus procesos de fabricaci\u00f3n.<\/p>\n<p>[\/et_pb_text][et_pb_text _builder_version=\u00bb4.17.3&#8243; _module_preset=\u00bbdefault\u00bb custom_margin=\u00bb||20px|||\u00bb locked=\u00bboff\u00bb global_colors_info=\u00bb{}\u00bb]<\/p>\n<h4>SERVICIOS<\/h4>\n<p>[\/et_pb_text][et_pb_text module_class=\u00bbservicios-empresa\u00bb _builder_version=\u00bb4.17.3&#8243; _module_preset=\u00bbdefault\u00bb text_font_size=\u00bb18px\u00bb custom_padding=\u00bb||0px|||\u00bb locked=\u00bboff\u00bb global_colors_info=\u00bb{}\u00bb]<\/p>\n<div>\n<div class=\"icon-serv2\"><img decoding=\"async\" src=\"http:\/\/innovalia.com\/wp-content\/uploads\/2021\/07\/3d-1-min.png\" \/><\/div>\n<p>Producci\u00f3n y dise\u00f1o de contenido 3D<\/p>\n<\/div>\n<div>\n<div class=\"icon-serv2\"><img decoding=\"async\" src=\"http:\/\/innovalia.com\/wp-content\/uploads\/2021\/08\/cartesiano-min.png\" \/><\/div>\n<p>Dise\u00f1o y Fabricaci\u00f3n de M\u00e1quinas de Medici\u00f3n por Coordenadas<\/p>\n<\/div>\n<div>\n<div class=\"icon-serv2\"><img decoding=\"async\" src=\"http:\/\/innovalia.com\/wp-content\/uploads\/2021\/08\/calibrar-min.png\" \/><\/div>\n<p>Metrolog\u00eda y calibraci\u00f3n<\/p>\n<\/div>\n<p>[\/et_pb_text][\/et_pb_column][et_pb_column type=\u00bb1_2&#8243; disabled_on=\u00bbon|off|off\u00bb _builder_version=\u00bb4.16&#8243; _module_preset=\u00bbdefault\u00bb background_enable_image=\u00bboff\u00bb global_colors_info=\u00bb{}\u00bb][et_pb_image src=\u00bbhttp:\/\/innovalia.com\/wp-content\/uploads\/2021\/07\/Fondo-metrology-min.png\u00bb title_text=\u00bbFondo-metrology-min\u00bb _builder_version=\u00bb4.16&#8243; _module_preset=\u00bbdefault\u00bb custom_margin=\u00bb22px|||||\u00bb global_colors_info=\u00bb{}\u00bb][\/et_pb_image][\/et_pb_column][\/et_pb_row][et_pb_row column_structure=\u00bb1_3,1_3,1_3&#8243; use_custom_gutter=\u00bbon\u00bb _builder_version=\u00bb4.16&#8243; _module_preset=\u00bbdefault\u00bb global_colors_info=\u00bb{}\u00bb][et_pb_column type=\u00bb1_3&#8243; _builder_version=\u00bb4.16&#8243; _module_preset=\u00bbdefault\u00bb global_colors_info=\u00bb{}\u00bb][et_pb_text _builder_version=\u00bb4.17.3&#8243; _module_preset=\u00bbdefault\u00bb custom_margin=\u00bb||20px|||\u00bb global_colors_info=\u00bb{}\u00bb]<\/p>\n<h1>TRIMEK<\/h1>\n<p>[\/et_pb_text][et_pb_text module_class=\u00bbcaracteristicas-container\u00bb _builder_version=\u00bb4.17.3&#8243; _module_preset=\u00bbdefault\u00bb max_width=\u00bb100%\u00bb global_colors_info=\u00bb{}\u00bb]<\/p>\n<div class=\"caracteristicas\"><img decoding=\"async\" src=\"http:\/\/innovalia.com\/wp-content\/uploads\/2021\/07\/planta-con-hojas-min.png\" \/> desde 1993<\/div>\n<div class=\"caracteristicas\"><img decoding=\"async\" src=\"http:\/\/innovalia.com\/wp-content\/uploads\/2021\/07\/maps-and-flags-1-min.png\" \/> Altube, Alava<\/div>\n<div class=\"caracteristicas\"><a href=\"https:\/\/www.trimek.com\" target=\"_blank\" rel=\"noopener\"><img decoding=\"async\" src=\"http:\/\/innovalia.com\/wp-content\/uploads\/2021\/07\/earth-globe-with-continents-maps-1-min.png\" \/> trimek.com<\/a><\/div>\n<p>[\/et_pb_text][et_pb_text _builder_version=\u00bb4.17.3&#8243; _module_preset=\u00bbdefault\u00bb text_orientation=\u00bbjustified\u00bb global_colors_info=\u00bb{}\u00bb]<\/p>\n<p>El principal objetivo de Trimek es brindar servicios de alta tecnolog\u00eda para mejorar la calidad de forma permanente y asegurar el constante desarrollo de productos y servicios que satisfagan las necesidades actuales y futuras de los clientes.<\/p>\n<p>Nuestro objetivo es consolidar Trimek, as\u00ed como sus productos y servicios, en los mercados internacionales en los que est\u00e1 presente. Nuestro objetivo primordial es el servicio y la atenci\u00f3n al cliente<\/p>\n<p>[\/et_pb_text][\/et_pb_column][et_pb_column type=\u00bb1_3&#8243; _builder_version=\u00bb4.16&#8243; _module_preset=\u00bbdefault\u00bb global_colors_info=\u00bb{}\u00bb][et_pb_text _builder_version=\u00bb4.17.3&#8243; _module_preset=\u00bbdefault\u00bb custom_margin=\u00bb||20px|||\u00bb global_colors_info=\u00bb{}\u00bb]<\/p>\n<h1>DATAPIXEL<\/h1>\n<p>[\/et_pb_text][et_pb_text module_class=\u00bbcaracteristicas-container\u00bb _builder_version=\u00bb4.17.3&#8243; _module_preset=\u00bbdefault\u00bb max_width=\u00bb100%\u00bb global_colors_info=\u00bb{}\u00bb]<\/p>\n<div class=\"caracteristicas\"><img decoding=\"async\" src=\"http:\/\/innovalia.com\/wp-content\/uploads\/2021\/07\/planta-con-hojas-min.png\" \/> desde 1999<\/div>\n<div class=\"caracteristicas\"><img decoding=\"async\" src=\"http:\/\/innovalia.com\/wp-content\/uploads\/2021\/07\/maps-and-flags-1-min.png\" \/> Barcelona<\/div>\n<div class=\"caracteristicas\"><a href=\"https:\/\/www.datapixel.com\" target=\"_blank\" rel=\"noopener\"><img decoding=\"async\" src=\"http:\/\/innovalia.com\/wp-content\/uploads\/2021\/07\/earth-globe-with-continents-maps-1-min.png\" \/> datapixel.com<\/a><\/div>\n<p>[\/et_pb_text][et_pb_text _builder_version=\u00bb4.17.3&#8243; _module_preset=\u00bbdefault\u00bb text_orientation=\u00bbjustified\u00bb global_colors_info=\u00bb{}\u00bb]<\/p>\n<p>Datapixel ayuda a empresas manufactureras a reducir el tiempo de desarrollo y especialmente los costes de producci\u00f3n, a la vez que se mejora la calidad del producto. Mediante la introducci\u00f3n de piezas virtuales basadas en tecnolog\u00eda de nubes de puntos, digitalizaci\u00f3n 3D, y la aplicaci\u00f3n de metrolog\u00eda virtual y soluciones de inspecci\u00f3n automatizadas, nuestros clientes mejoran significativamente sus procesos industriales y, por ende, sus resultados.<\/p>\n<p>El equipo de Datapixel, como expertos en visi\u00f3n 3D, \u00f3ptica, electr\u00f3nica e ingenier\u00eda de software, ofrece a sus clientes innovadoras soluciones basadas en sensores sin contacto, procesado de nubes de puntos a alta velocidad, verificaci\u00f3n, y procesos de ingenier\u00eda inversa en tiempo real. \u00a0<\/p>\n<p>[\/et_pb_text][\/et_pb_column][et_pb_column type=\u00bb1_3&#8243; _builder_version=\u00bb4.16&#8243; _module_preset=\u00bbdefault\u00bb global_colors_info=\u00bb{}\u00bb][et_pb_text _builder_version=\u00bb4.17.3&#8243; _module_preset=\u00bbdefault\u00bb custom_margin=\u00bb||20px|||\u00bb global_colors_info=\u00bb{}\u00bb]<\/p>\n<h1>UNIMETRIK<\/h1>\n<p>[\/et_pb_text][et_pb_text module_class=\u00bbcaracteristicas-container\u00bb _builder_version=\u00bb4.17.3&#8243; _module_preset=\u00bbdefault\u00bb max_width=\u00bb100%\u00bb global_colors_info=\u00bb{}\u00bb]<\/p>\n<div class=\"caracteristicas\"><img decoding=\"async\" src=\"http:\/\/innovalia.com\/wp-content\/uploads\/2021\/07\/planta-con-hojas-min.png\" \/> desde 1997<\/div>\n<div class=\"caracteristicas\"><img decoding=\"async\" src=\"http:\/\/innovalia.com\/wp-content\/uploads\/2021\/07\/maps-and-flags-1-min.png\" \/> Legutiano, Alava<\/div>\n<div class=\"caracteristicas\"><a href=\"https:\/\/www.unimetrik.es\" target=\"_blank\" rel=\"noopener\"><img decoding=\"async\" src=\"http:\/\/innovalia.com\/wp-content\/uploads\/2021\/07\/earth-globe-with-continents-maps-1-min.png\" \/> unimetrik.es<\/a><\/div>\n<p>[\/et_pb_text][et_pb_text _builder_version=\u00bb4.17.3&#8243; _module_preset=\u00bbdefault\u00bb text_orientation=\u00bbjustified\u00bb global_colors_info=\u00bb{}\u00bb]<\/p>\n<p>Unimetrik es un laboratorio certificado que ofrece servicios avanzados de metrolog\u00eda, orientados a proporcionar soluciones a la industria en calibraci\u00f3n, medici\u00f3n e ingenier\u00eda inversa.<\/p>\n<p>Unimetrik cuenta tambi\u00e9n con la certificaci\u00f3n ISO 10012, que espec\u00edfica requisitos gen\u00e9ricos y proporciona orientaci\u00f3n para la gesti\u00f3n de los procesos de medici\u00f3n y para la confirmaci\u00f3n metrol\u00f3gica del equipo de medici\u00f3n utilizado para apoyar y demostrar el cumplimiento de requisitos metrol\u00f3gicos.<\/p>\n<p>[\/et_pb_text][\/et_pb_column][\/et_pb_row][\/et_pb_section][et_pb_section fb_built=\u00bb1&#8243; _builder_version=\u00bb4.16&#8243; _module_preset=\u00bbdefault\u00bb background_color=\u00bb#1b202c\u00bb custom_padding=\u00bb37px||4px|||\u00bb saved_tabs=\u00bball\u00bb global_colors_info=\u00bb{}\u00bb][et_pb_row _builder_version=\u00bb4.16&#8243; _module_preset=\u00bbdefault\u00bb custom_padding=\u00bb7px|||||\u00bb global_colors_info=\u00bb{}\u00bb][et_pb_column type=\u00bb4_4&#8243; _builder_version=\u00bb4.16&#8243; _module_preset=\u00bbdefault\u00bb global_colors_info=\u00bb{}\u00bb][et_pb_image src=\u00bbhttp:\/\/innovalia.com\/wp-content\/uploads\/2021\/07\/Innovalia_negativocompleto-min.png\u00bb title_text=\u00bbInnovalia_negativocompleto-min\u00bb _builder_version=\u00bb4.16&#8243; _module_preset=\u00bbdefault\u00bb width=\u00bb10%\u00bb width_tablet=\u00bb\u00bb width_phone=\u00bb34%\u00bb width_last_edited=\u00bbon|phone\u00bb module_alignment=\u00bbcenter\u00bb global_colors_info=\u00bb{}\u00bb][\/et_pb_image][et_pb_text _builder_version=\u00bb4.17.3&#8243; _module_preset=\u00bbdefault\u00bb text_orientation=\u00bbcenter\u00bb background_layout=\u00bbdark\u00bb custom_margin=\u00bb-13px|||||\u00bb global_colors_info=\u00bb{}\u00bb]<\/p>\n<p>Innovalia Group<\/p>\n<p>[\/et_pb_text][\/et_pb_column][\/et_pb_row][et_pb_row module_id=\u00bbfooter-logos\u00bb _builder_version=\u00bb4.16&#8243; _module_preset=\u00bbdefault\u00bb width_tablet=\u00bb\u00bb width_phone=\u00bb90%\u00bb width_last_edited=\u00bbon|phone\u00bb module_alignment=\u00bbcenter\u00bb custom_margin=\u00bb||||false|false\u00bb custom_padding=\u00bb5px|||||\u00bb global_colors_info=\u00bb{}\u00bb][et_pb_column type=\u00bb4_4&#8243; _builder_version=\u00bb4.16&#8243; _module_preset=\u00bbdefault\u00bb global_colors_info=\u00bb{}\u00bb][et_pb_code _builder_version=\u00bb4.16&#8243; _module_preset=\u00bbdefault\u00bb custom_margin=\u00bb||||false|false\u00bb custom_padding=\u00bb|50px||50px|false|true\u00bb custom_padding_tablet=\u00bb\u00bb custom_padding_phone=\u00bb|0px||0px|false|true\u00bb custom_padding_last_edited=\u00bbon|phone\u00bb global_colors_info=\u00bb{}\u00bb]<\/p>\n<div class=\"logos-footer\"><!-- [et_pb_line_break_holder] -->  <img decoding=\"async\" class=\"logo-footer\" src=\"http:\/\/innovalia.com\/wp-content\/uploads\/2022\/01\/Sin-titulo-1.png\"><!-- [et_pb_line_break_holder] -->  <img decoding=\"async\" class=\"logo-footer\" src=\"http:\/\/innovalia.com\/wp-content\/uploads\/2022\/01\/technarte-footer.png\"><!-- [et_pb_line_break_holder] -->  <img decoding=\"async\" class=\"logo-footer\" src=\"http:\/\/innovalia.com\/wp-content\/uploads\/2022\/01\/3dkumo.png\"><!-- [et_pb_line_break_holder] -->  <img decoding=\"async\" class=\"logo-footer\" src=\"http:\/\/innovalia.com\/wp-content\/uploads\/2022\/01\/avntalia.png\"><!-- [et_pb_line_break_holder] -->  <img decoding=\"async\" class=\"logo-footer\" src=\"http:\/\/innovalia.com\/wp-content\/uploads\/2022\/01\/carsa.png\"><!-- [et_pb_line_break_holder] -->  <img decoding=\"async\" class=\"logo-footer\" src=\"http:\/\/innovalia.com\/wp-content\/uploads\/2022\/01\/cbt.png\"><!-- [et_pb_line_break_holder] -->  <img decoding=\"async\" class=\"logo-footer\" src=\"http:\/\/innovalia.com\/wp-content\/uploads\/2022\/01\/innovalia.png\"><!-- [et_pb_line_break_holder] -->  <img decoding=\"async\" class=\"logo-footer\" src=\"http:\/\/innovalia.com\/wp-content\/uploads\/2022\/01\/redborder.png\"><!-- [et_pb_line_break_holder] -->  <img decoding=\"async\" class=\"logo-footer\" src=\"http:\/\/innovalia.com\/wp-content\/uploads\/2022\/01\/sqs.png\"><!-- [et_pb_line_break_holder] --><\/div>\n<p>[\/et_pb_code][\/et_pb_column][\/et_pb_row][\/et_pb_section]<\/p>\n","protected":false},"excerpt":{"rendered":"<p>INNOVALIA METROLOGYInnovalia Metrology integra los productos y servicios de Trimek, Datapixel y Unimetrik para ofrecer las mejores soluciones en metrolog\u00eda 3D y digital, proporcionando a sus clientes la posibilidad de alcanzar altos niveles de productividad, calidad y eficiencia en sus procesos de fabricaci\u00f3n.SERVICIOS Producci\u00f3n y dise\u00f1o de contenido 3D Dise\u00f1o y Fabricaci\u00f3n de M\u00e1quinas de [&hellip;]<\/p>\n","protected":false},"author":2,"featured_media":0,"parent":0,"menu_order":0,"comment_status":"closed","ping_status":"closed","template":"","meta":{"_et_pb_use_builder":"on","_et_pb_old_content":"<!-- wp:divi\/placeholder \/-->","_et_gb_content_width":"","footnotes":""},"class_list":["post-1065","page","type-page","status-publish","hentry"],"_links":{"self":[{"href":"https:\/\/innovalia.com\/es\/wp-json\/wp\/v2\/pages\/1065"}],"collection":[{"href":"https:\/\/innovalia.com\/es\/wp-json\/wp\/v2\/pages"}],"about":[{"href":"https:\/\/innovalia.com\/es\/wp-json\/wp\/v2\/types\/page"}],"author":[{"embeddable":true,"href":"https:\/\/innovalia.com\/es\/wp-json\/wp\/v2\/users\/2"}],"replies":[{"embeddable":true,"href":"https:\/\/innovalia.com\/es\/wp-json\/wp\/v2\/comments?post=1065"}],"version-history":[{"count":3,"href":"https:\/\/innovalia.com\/es\/wp-json\/wp\/v2\/pages\/1065\/revisions"}],"predecessor-version":[{"id":1110,"href":"https:\/\/innovalia.com\/es\/wp-json\/wp\/v2\/pages\/1065\/revisions\/1110"}],"wp:attachment":[{"href":"https:\/\/innovalia.com\/es\/wp-json\/wp\/v2\/media?parent=1065"}],"curies":[{"name":"wp","href":"https:\/\/api.w.org\/{rel}","templated":true}]}}