{"id":1059,"date":"2021-07-14T14:35:21","date_gmt":"2021-07-14T14:35:21","guid":{"rendered":"https:\/\/innovalia.com\/carsa\/"},"modified":"2022-05-02T14:40:08","modified_gmt":"2022-05-02T14:40:08","slug":"carsa","status":"publish","type":"page","link":"https:\/\/innovalia.com\/es\/carsa\/","title":{"rendered":"CARSA"},"content":{"rendered":"<p>[et_pb_section fb_built=\u00bb1&#8243; _builder_version=\u00bb4.16&#8243; _module_preset=\u00bbdefault\u00bb background_enable_image=\u00bboff\u00bb custom_padding=\u00bb79px||0px||false|false\u00bb global_colors_info=\u00bb{}\u00bb][et_pb_row column_structure=\u00bb1_2,1_2&#8243; custom_padding_last_edited=\u00bbon|phone\u00bb _builder_version=\u00bb4.16&#8243; _module_preset=\u00bbdefault\u00bb width=\u00bb100%\u00bb custom_margin=\u00bb23px|auto||auto|false|false\u00bb custom_padding=\u00bb0px||4px|13em|false|false\u00bb custom_padding_tablet=\u00bb0px||4px|13em|false|false\u00bb custom_padding_phone=\u00bb|2em||2em|false|true\u00bb global_colors_info=\u00bb{}\u00bb][et_pb_column type=\u00bb1_2&#8243; _builder_version=\u00bb4.16&#8243; _module_preset=\u00bbdefault\u00bb global_colors_info=\u00bb{}\u00bb][et_pb_text _builder_version=\u00bb4.17.3&#8243; _module_preset=\u00bbdefault\u00bb custom_margin=\u00bb||20px|||\u00bb hover_enabled=\u00bb0&#8243; global_colors_info=\u00bb{}\u00bb sticky_enabled=\u00bb0&#8243;]<\/p>\n<h1>CARSA<\/h1>\n<p>[\/et_pb_text][et_pb_text module_class=\u00bbcaracteristicas-container\u00bb _builder_version=\u00bb4.17.3&#8243; _module_preset=\u00bbdefault\u00bb max_width=\u00bb60%\u00bb hover_enabled=\u00bb0&#8243; global_colors_info=\u00bb{}\u00bb sticky_enabled=\u00bb0&#8243;]<\/p>\n<div class=\"caracteristicas\"><img decoding=\"async\" src=\"http:\/\/innovalia.com\/wp-content\/uploads\/2021\/07\/planta-con-hojas-min.png\" \/> desde 1987<\/div>\n<div class=\"caracteristicas\"><img decoding=\"async\" src=\"http:\/\/innovalia.com\/wp-content\/uploads\/2021\/07\/maps-and-flags-1-min.png\" \/> Getxo, Vizcaya<\/div>\n<div class=\"caracteristicas\"><a href=\"https:\/\/carsa.es\" target=\"_blank\" rel=\"noopener\"><img decoding=\"async\" src=\"http:\/\/innovalia.com\/wp-content\/uploads\/2021\/07\/earth-globe-with-continents-maps-1-min.png\" \/> carsa.es<\/a><\/div>\n<p>[\/et_pb_text][et_pb_text _builder_version=\u00bb4.17.3&#8243; _module_preset=\u00bbdefault\u00bb global_colors_info=\u00bb{}\u00bb]<\/p>\n<p>CARSA es una empresa de Consultor\u00eda Estrat\u00e9gica en Innovaci\u00f3n que nace en Bilbao en 1987, en un momento en el que la reconversi\u00f3n industrial era imprescindible tanto para la econom\u00eda de Euskadi como para la de toda Europa.<\/p>\n<p>Su amplia experiencia en la provisi\u00f3n de servicios especializadas en innovaci\u00f3n, tecnolog\u00eda e internacionalizaci\u00f3n ha consolidado a Carsa como consultora internacional de referencia. Desde su origen, la compa\u00f1\u00eda ha mantenido una l\u00ednea de acci\u00f3n vinculada a la mejora industrial y la transformaci\u00f3n digital como generadores de cambio, desarrollo, competitividad y progreso. CARSA tiene un equipo de consultores altamente cualificados, quienes contribuyen con su conocimiento y profesionalidad a ofrecer un servicio de calidad a todos sus clientes.<\/p>\n<p>Hoy en d\u00eda, CARSA se ha posicionado como un agente de primer orden en tecnolog\u00eda, innovaci\u00f3n, internacionalizaci\u00f3n y transformaci\u00f3n digital. El conocimiento y la experiencia han permitido a CARSA ayudar a sus clientes en la creaci\u00f3n de centros de innovaci\u00f3n, en el desarrollo de tecnolog\u00eda y ecosistemas de investigaci\u00f3n para la transformaci\u00f3n digital; y en el fortalecimiento de la conectividad empresarial en m\u00faltiples sectores productivos de alcance internacional.<\/p>\n<p>[\/et_pb_text][et_pb_text _builder_version=\u00bb4.17.3&#8243; _module_preset=\u00bbdefault\u00bb custom_margin=\u00bb||20px|||\u00bb global_colors_info=\u00bb{}\u00bb]<\/p>\n<h4>SERVICIOS<\/h4>\n<p>[\/et_pb_text][et_pb_text module_class=\u00bbservicios-empresa\u00bb _builder_version=\u00bb4.17.3&#8243; _module_preset=\u00bbdefault\u00bb text_font_size=\u00bb18px\u00bb global_colors_info=\u00bb{}\u00bb]<\/p>\n<div>\n<div class=\"icon-serv2\"><img decoding=\"async\" src=\"http:\/\/innovalia.com\/wp-content\/uploads\/2021\/07\/consulting-1-min.png\" \/><\/div>\n<p>Consultor\u00eda estrat\u00e9gica en innovaci\u00f3n<\/p>\n<\/div>\n<div>\n<div class=\"icon-serv2\"><img decoding=\"async\" src=\"http:\/\/innovalia.com\/wp-content\/uploads\/2021\/07\/innovation-1-min.png\" \/><\/div>\n<p>Ejecuci\u00f3n, soporte y gesti\u00f3n de proyectos de I+D<\/p>\n<\/div>\n<div>\n<div class=\"icon-serv2\"><img decoding=\"async\" src=\"http:\/\/innovalia.com\/wp-content\/uploads\/2021\/07\/rocket-1-min.png\" \/><\/div>\n<p>Apoyo al emprendimiento<\/p>\n<\/div>\n<div>\n<div class=\"icon-serv2\"><img decoding=\"async\" src=\"http:\/\/innovalia.com\/wp-content\/uploads\/2021\/08\/desarrollo-min.png\" \/><\/div>\n<p>Desarrollo de producto y consultor\u00eda tecnol\u00f3gica<\/p>\n<\/div>\n<div>\n<div class=\"icon-serv2\"><img decoding=\"async\" src=\"http:\/\/innovalia.com\/wp-content\/uploads\/2021\/08\/brain-min.png\" \/><\/div>\n<p>Formaci\u00f3n y transferencia de conocimiento<\/p>\n<\/div>\n<p>[\/et_pb_text][\/et_pb_column][et_pb_column type=\u00bb1_2&#8243; disabled_on=\u00bbon|off|off\u00bb _builder_version=\u00bb4.16&#8243; _module_preset=\u00bbdefault\u00bb background_enable_image=\u00bboff\u00bb global_colors_info=\u00bb{}\u00bb][et_pb_image src=\u00bbhttp:\/\/innovalia.com\/wp-content\/uploads\/2021\/07\/Fondo-consult2-min.png\u00bb title_text=\u00bbFondo-consult2-min\u00bb _builder_version=\u00bb4.16&#8243; _module_preset=\u00bbdefault\u00bb custom_margin=\u00bb22px|||||\u00bb global_colors_info=\u00bb{}\u00bb][\/et_pb_image][\/et_pb_column][\/et_pb_row][\/et_pb_section][et_pb_section fb_built=\u00bb1&#8243; _builder_version=\u00bb4.16&#8243; _module_preset=\u00bbdefault\u00bb background_color=\u00bb#1b202c\u00bb custom_padding=\u00bb37px||4px|||\u00bb saved_tabs=\u00bball\u00bb global_colors_info=\u00bb{}\u00bb][et_pb_row _builder_version=\u00bb4.16&#8243; _module_preset=\u00bbdefault\u00bb custom_padding=\u00bb7px|||||\u00bb global_colors_info=\u00bb{}\u00bb][et_pb_column type=\u00bb4_4&#8243; _builder_version=\u00bb4.16&#8243; _module_preset=\u00bbdefault\u00bb global_colors_info=\u00bb{}\u00bb][et_pb_image src=\u00bbhttp:\/\/innovalia.com\/wp-content\/uploads\/2021\/07\/Innovalia_negativocompleto-min.png\u00bb title_text=\u00bbInnovalia_negativocompleto-min\u00bb _builder_version=\u00bb4.16&#8243; _module_preset=\u00bbdefault\u00bb width=\u00bb10%\u00bb width_tablet=\u00bb\u00bb width_phone=\u00bb34%\u00bb width_last_edited=\u00bbon|phone\u00bb module_alignment=\u00bbcenter\u00bb global_colors_info=\u00bb{}\u00bb][\/et_pb_image][et_pb_text _builder_version=\u00bb4.16&#8243; _module_preset=\u00bbdefault\u00bb text_orientation=\u00bbcenter\u00bb background_layout=\u00bbdark\u00bb custom_margin=\u00bb-13px|||||\u00bb global_colors_info=\u00bb{}\u00bb]<\/p>\n<p>Innovalia Group<\/p>\n<p>[\/et_pb_text][\/et_pb_column][\/et_pb_row][et_pb_row module_id=\u00bbfooter-logos\u00bb _builder_version=\u00bb4.16&#8243; _module_preset=\u00bbdefault\u00bb width_tablet=\u00bb\u00bb width_phone=\u00bb90%\u00bb width_last_edited=\u00bbon|phone\u00bb module_alignment=\u00bbcenter\u00bb custom_margin=\u00bb||||false|false\u00bb custom_padding=\u00bb5px|||||\u00bb global_colors_info=\u00bb{}\u00bb][et_pb_column type=\u00bb4_4&#8243; _builder_version=\u00bb4.16&#8243; _module_preset=\u00bbdefault\u00bb global_colors_info=\u00bb{}\u00bb][et_pb_code _builder_version=\u00bb4.16&#8243; _module_preset=\u00bbdefault\u00bb custom_margin=\u00bb||||false|false\u00bb custom_padding=\u00bb|50px||50px|false|true\u00bb custom_padding_tablet=\u00bb\u00bb custom_padding_phone=\u00bb|0px||0px|false|true\u00bb custom_padding_last_edited=\u00bbon|phone\u00bb global_colors_info=\u00bb{}\u00bb]<\/p>\n<div class=\"logos-footer\"><!-- [et_pb_line_break_holder] -->  <img decoding=\"async\" class=\"logo-footer\" src=\"http:\/\/innovalia.com\/wp-content\/uploads\/2022\/01\/Sin-titulo-1.png\"><!-- [et_pb_line_break_holder] -->  <img decoding=\"async\" class=\"logo-footer\" src=\"http:\/\/innovalia.com\/wp-content\/uploads\/2022\/01\/technarte-footer.png\"><!-- [et_pb_line_break_holder] -->  <img decoding=\"async\" class=\"logo-footer\" src=\"http:\/\/innovalia.com\/wp-content\/uploads\/2022\/01\/3dkumo.png\"><!-- [et_pb_line_break_holder] -->  <img decoding=\"async\" class=\"logo-footer\" src=\"http:\/\/innovalia.com\/wp-content\/uploads\/2022\/01\/avntalia.png\"><!-- [et_pb_line_break_holder] -->  <img decoding=\"async\" class=\"logo-footer\" src=\"http:\/\/innovalia.com\/wp-content\/uploads\/2022\/01\/carsa.png\"><!-- [et_pb_line_break_holder] -->  <img decoding=\"async\" class=\"logo-footer\" src=\"http:\/\/innovalia.com\/wp-content\/uploads\/2022\/01\/cbt.png\"><!-- [et_pb_line_break_holder] -->  <img decoding=\"async\" class=\"logo-footer\" src=\"http:\/\/innovalia.com\/wp-content\/uploads\/2022\/01\/innovalia.png\"><!-- [et_pb_line_break_holder] -->  <img decoding=\"async\" class=\"logo-footer\" src=\"http:\/\/innovalia.com\/wp-content\/uploads\/2022\/01\/redborder.png\"><!-- [et_pb_line_break_holder] -->  <img decoding=\"async\" class=\"logo-footer\" src=\"http:\/\/innovalia.com\/wp-content\/uploads\/2022\/01\/sqs.png\"><!-- [et_pb_line_break_holder] --><\/div>\n<p>[\/et_pb_code][\/et_pb_column][\/et_pb_row][\/et_pb_section]<\/p>\n","protected":false},"excerpt":{"rendered":"<p>CARSA desde 1987 Getxo, Vizcaya carsa.esCARSA es una empresa de Consultor\u00eda Estrat\u00e9gica en Innovaci\u00f3n que nace en Bilbao en 1987, en un momento en el que la reconversi\u00f3n industrial era imprescindible tanto para la econom\u00eda de Euskadi como para la de toda Europa. Su amplia experiencia en la provisi\u00f3n de servicios especializadas en innovaci\u00f3n, tecnolog\u00eda [&hellip;]<\/p>\n","protected":false},"author":2,"featured_media":0,"parent":0,"menu_order":0,"comment_status":"closed","ping_status":"closed","template":"","meta":{"_et_pb_use_builder":"on","_et_pb_old_content":"","_et_gb_content_width":"","footnotes":""},"class_list":["post-1059","page","type-page","status-publish","hentry"],"_links":{"self":[{"href":"https:\/\/innovalia.com\/es\/wp-json\/wp\/v2\/pages\/1059"}],"collection":[{"href":"https:\/\/innovalia.com\/es\/wp-json\/wp\/v2\/pages"}],"about":[{"href":"https:\/\/innovalia.com\/es\/wp-json\/wp\/v2\/types\/page"}],"author":[{"embeddable":true,"href":"https:\/\/innovalia.com\/es\/wp-json\/wp\/v2\/users\/2"}],"replies":[{"embeddable":true,"href":"https:\/\/innovalia.com\/es\/wp-json\/wp\/v2\/comments?post=1059"}],"version-history":[{"count":3,"href":"https:\/\/innovalia.com\/es\/wp-json\/wp\/v2\/pages\/1059\/revisions"}],"predecessor-version":[{"id":1088,"href":"https:\/\/innovalia.com\/es\/wp-json\/wp\/v2\/pages\/1059\/revisions\/1088"}],"wp:attachment":[{"href":"https:\/\/innovalia.com\/es\/wp-json\/wp\/v2\/media?parent=1059"}],"curies":[{"name":"wp","href":"https:\/\/api.w.org\/{rel}","templated":true}]}}