{"id":1054,"date":"2021-08-30T11:29:57","date_gmt":"2021-08-30T11:29:57","guid":{"rendered":"https:\/\/innovalia.com\/innovalia-association\/"},"modified":"2022-05-02T14:23:00","modified_gmt":"2022-05-02T14:23:00","slug":"innovalia-association","status":"publish","type":"page","link":"https:\/\/innovalia.com\/es\/innovalia-association\/","title":{"rendered":"Innovalia Association"},"content":{"rendered":"<p>[et_pb_section fb_built=\u00bb1&#8243; _builder_version=\u00bb4.16&#8243; _module_preset=\u00bbdefault\u00bb background_enable_image=\u00bboff\u00bb custom_padding=\u00bb79px||0px||false|false\u00bb global_colors_info=\u00bb{}\u00bb][et_pb_row column_structure=\u00bb1_2,1_2&#8243; custom_padding_last_edited=\u00bbon|phone\u00bb _builder_version=\u00bb4.16&#8243; _module_preset=\u00bbdefault\u00bb width=\u00bb100%\u00bb custom_margin=\u00bb23px|auto||auto|false|false\u00bb custom_padding=\u00bb0px||4px|13em|false|false\u00bb custom_padding_tablet=\u00bb0px||4px|13em|false|false\u00bb custom_padding_phone=\u00bb|2em||2em|false|false\u00bb global_colors_info=\u00bb{}\u00bb][et_pb_column type=\u00bb1_2&#8243; _builder_version=\u00bb4.16&#8243; _module_preset=\u00bbdefault\u00bb global_colors_info=\u00bb{}\u00bb][et_pb_text _builder_version=\u00bb4.17.3&#8243; _module_preset=\u00bbdefault\u00bb custom_margin=\u00bb||20px|||\u00bb global_colors_info=\u00bb{}\u00bb]<\/p>\n<h1>ASOCIACI\u00d3N INNOVALIA<\/h1>\n<p>[\/et_pb_text][et_pb_text module_class=\u00bbcaracteristicas-container\u00bb _builder_version=\u00bb4.17.3&#8243; _module_preset=\u00bbdefault\u00bb max_width=\u00bb60%\u00bb hover_enabled=\u00bb0&#8243; global_colors_info=\u00bb{}\u00bb sticky_enabled=\u00bb0&#8243;]<\/p>\n<div class=\"caracteristicas\"><img decoding=\"async\" src=\"http:\/\/innovalia.com\/wp-content\/uploads\/2021\/07\/planta-con-hojas-min.png\" \/> desde 2002<\/div>\n<div class=\"caracteristicas\"><img decoding=\"async\" src=\"http:\/\/innovalia.com\/wp-content\/uploads\/2021\/07\/maps-and-flags-1-min.png\" \/> Zamudio, Vizcaya<\/div>\n<div class=\"caracteristicas\"><a href=\"https:\/\/innovalia.org\" target=\"_blank\" rel=\"noopener\"><img decoding=\"async\" src=\"http:\/\/innovalia.com\/wp-content\/uploads\/2021\/07\/earth-globe-with-continents-maps-1-min.png\" \/> innovalia.org<\/a><\/div>\n<p>[\/et_pb_text][et_pb_text _builder_version=\u00bb4.17.3&#8243; _module_preset=\u00bbdefault\u00bb global_colors_info=\u00bb{}\u00bb]<\/p>\n<p>La Asociaci\u00f3n Innovalia es una unidad de negocio privada de I+D, que ha sido creada por el grupo Innovalia para articular una masa cr\u00edtica capaz de llevar a cabo con \u00e9xito sus ambiciones y objetivos estrat\u00e9gicos de investigaci\u00f3n a largo plazo. Innovalia es una alianza de peque\u00f1as y medias empresas tecnol\u00f3gicas, con sede en Espa\u00f1a. La compa\u00f1\u00eda tiene una presencia internacional, con oficinas en el Pa\u00eds Vasco, Madrid, Catalu\u00f1a, las Islas Canarias, Europa, Asia, Oriente Medio, as\u00ed como Centroam\u00e9rica y Am\u00e9rica del Sur.<\/p>\n<p>Desde su fundaci\u00f3n, la Asociaci\u00f3n Innovalia ha desarrollado una sensibilidad especial y conciencia de las caracter\u00edsticas particulares de las peque\u00f1as y medianas empresas tecnol\u00f3gicas.<\/p>\n<p>Hoy en d\u00eda la Asociaci\u00f3n Innovalia se ha convertido en una referencia en el \u00e1rea de I+D por y para las pymes de Espa\u00f1a. Tambi\u00e9n ofrece soluciones para facilitar procesos de innovaci\u00f3n internacional dirigidos a PYMES. Como agente tecnol\u00f3gico de la Red Vasca de Ciencia, Tecnolog\u00eda e Innovaci\u00f3n (Innobasque), Innovalia combina las capacidades, laboratorios y recursos que crearon la Asociaci\u00f3n.<\/p>\n<p>[\/et_pb_text][et_pb_text _builder_version=\u00bb4.17.3&#8243; _module_preset=\u00bbdefault\u00bb custom_margin=\u00bb||20px|||\u00bb global_colors_info=\u00bb{}\u00bb]<\/p>\n<h4>SERVICIOS<\/h4>\n<p>[\/et_pb_text][et_pb_text module_class=\u00bbservicios-empresa\u00bb _builder_version=\u00bb4.17.3&#8243; _module_preset=\u00bbdefault\u00bb text_font_size=\u00bb18px\u00bb global_colors_info=\u00bb{}\u00bb]<\/p>\n<div>\n<div class=\"icon-serv2\"><img decoding=\"async\" src=\"http:\/\/innovalia.com\/wp-content\/uploads\/2021\/07\/innovation-1-min.png\" \/><\/div>\n<p>Ejecuci\u00f3n, soporte y gesti\u00f3n de proyectos de I+D<\/p>\n<\/div>\n<div>\n<div class=\"icon-serv2\"><img decoding=\"async\" src=\"http:\/\/innovalia.com\/wp-content\/uploads\/2021\/08\/desarrollo-min.png\" \/><\/div>\n<p>Desarrollo de producto y consultor\u00eda tecnol\u00f3gica<\/p>\n<\/div>\n<div>\n<div class=\"icon-serv2\"><img decoding=\"async\" src=\"http:\/\/innovalia.com\/wp-content\/uploads\/2021\/08\/brain-min.png\" \/><\/div>\n<p>Formaci\u00f3n y transferencia de conocimiento<\/p>\n<\/div>\n<p>[\/et_pb_text][\/et_pb_column][et_pb_column type=\u00bb1_2&#8243; disabled_on=\u00bbon|off|off\u00bb _builder_version=\u00bb4.16&#8243; _module_preset=\u00bbdefault\u00bb background_enable_image=\u00bboff\u00bb global_colors_info=\u00bb{}\u00bb][et_pb_image src=\u00bbhttp:\/\/innovalia.com\/wp-content\/uploads\/2021\/07\/Fondo-digital-min.png\u00bb title_text=\u00bbFondo-digital-min\u00bb _builder_version=\u00bb4.17.3&#8243; _module_preset=\u00bbdefault\u00bb custom_margin=\u00bb22px|||||\u00bb global_colors_info=\u00bb{}\u00bb][\/et_pb_image][\/et_pb_column][\/et_pb_row][\/et_pb_section][et_pb_section fb_built=\u00bb1&#8243; _builder_version=\u00bb4.16&#8243; _module_preset=\u00bbdefault\u00bb background_color=\u00bb#1b202c\u00bb custom_padding=\u00bb37px||4px|||\u00bb saved_tabs=\u00bball\u00bb global_colors_info=\u00bb{}\u00bb][et_pb_row _builder_version=\u00bb4.16&#8243; _module_preset=\u00bbdefault\u00bb custom_padding=\u00bb7px|||||\u00bb global_colors_info=\u00bb{}\u00bb][et_pb_column type=\u00bb4_4&#8243; _builder_version=\u00bb4.16&#8243; _module_preset=\u00bbdefault\u00bb global_colors_info=\u00bb{}\u00bb][et_pb_image src=\u00bbhttp:\/\/innovalia.com\/wp-content\/uploads\/2021\/07\/Innovalia_negativocompleto-min.png\u00bb title_text=\u00bbInnovalia_negativocompleto-min\u00bb _builder_version=\u00bb4.16&#8243; _module_preset=\u00bbdefault\u00bb width=\u00bb10%\u00bb width_tablet=\u00bb\u00bb width_phone=\u00bb34%\u00bb width_last_edited=\u00bbon|phone\u00bb module_alignment=\u00bbcenter\u00bb global_colors_info=\u00bb{}\u00bb][\/et_pb_image][et_pb_text _builder_version=\u00bb4.17.3&#8243; _module_preset=\u00bbdefault\u00bb text_orientation=\u00bbcenter\u00bb background_layout=\u00bbdark\u00bb custom_margin=\u00bb-13px|||||\u00bb global_colors_info=\u00bb{}\u00bb]<\/p>\n<p>Innovalia Group<\/p>\n<p>[\/et_pb_text][\/et_pb_column][\/et_pb_row][et_pb_row module_id=\u00bbfooter-logos\u00bb _builder_version=\u00bb4.16&#8243; _module_preset=\u00bbdefault\u00bb width_tablet=\u00bb\u00bb width_phone=\u00bb90%\u00bb width_last_edited=\u00bbon|phone\u00bb module_alignment=\u00bbcenter\u00bb custom_margin=\u00bb||||false|false\u00bb custom_padding=\u00bb5px|||||\u00bb global_colors_info=\u00bb{}\u00bb][et_pb_column type=\u00bb4_4&#8243; _builder_version=\u00bb4.16&#8243; _module_preset=\u00bbdefault\u00bb global_colors_info=\u00bb{}\u00bb][et_pb_code _builder_version=\u00bb4.16&#8243; _module_preset=\u00bbdefault\u00bb custom_margin=\u00bb||||false|false\u00bb custom_padding=\u00bb|50px||50px|false|true\u00bb custom_padding_tablet=\u00bb\u00bb custom_padding_phone=\u00bb|0px||0px|false|true\u00bb custom_padding_last_edited=\u00bbon|phone\u00bb global_colors_info=\u00bb{}\u00bb]<\/p>\n<div class=\"logos-footer\"><!-- [et_pb_line_break_holder] -->  <img decoding=\"async\" class=\"logo-footer\" src=\"http:\/\/innovalia.com\/wp-content\/uploads\/2022\/01\/Sin-titulo-1.png\"><!-- [et_pb_line_break_holder] -->  <img decoding=\"async\" class=\"logo-footer\" src=\"http:\/\/innovalia.com\/wp-content\/uploads\/2022\/01\/technarte-footer.png\"><!-- [et_pb_line_break_holder] -->  <img decoding=\"async\" class=\"logo-footer\" src=\"http:\/\/innovalia.com\/wp-content\/uploads\/2022\/01\/3dkumo.png\"><!-- [et_pb_line_break_holder] -->  <img decoding=\"async\" class=\"logo-footer\" src=\"http:\/\/innovalia.com\/wp-content\/uploads\/2022\/01\/avntalia.png\"><!-- [et_pb_line_break_holder] -->  <img decoding=\"async\" class=\"logo-footer\" src=\"http:\/\/innovalia.com\/wp-content\/uploads\/2022\/01\/carsa.png\"><!-- [et_pb_line_break_holder] -->  <img decoding=\"async\" class=\"logo-footer\" src=\"http:\/\/innovalia.com\/wp-content\/uploads\/2022\/01\/cbt.png\"><!-- [et_pb_line_break_holder] -->  <img decoding=\"async\" class=\"logo-footer\" src=\"http:\/\/innovalia.com\/wp-content\/uploads\/2022\/01\/innovalia.png\"><!-- [et_pb_line_break_holder] -->  <img decoding=\"async\" class=\"logo-footer\" src=\"http:\/\/innovalia.com\/wp-content\/uploads\/2022\/01\/redborder.png\"><!-- [et_pb_line_break_holder] -->  <img decoding=\"async\" class=\"logo-footer\" src=\"http:\/\/innovalia.com\/wp-content\/uploads\/2022\/01\/sqs.png\"><!-- [et_pb_line_break_holder] --><\/div>\n<p>[\/et_pb_code][\/et_pb_column][\/et_pb_row][\/et_pb_section]<\/p>\n","protected":false},"excerpt":{"rendered":"<p>ASOCIACI\u00d3N INNOVALIA desde 2002 Zamudio, Vizcaya innovalia.orgLa Asociaci\u00f3n Innovalia es una unidad de negocio privada de I+D, que ha sido creada por el grupo Innovalia para articular una masa cr\u00edtica capaz de llevar a cabo con \u00e9xito sus ambiciones y objetivos estrat\u00e9gicos de investigaci\u00f3n a largo plazo. Innovalia es una alianza de peque\u00f1as y medias [&hellip;]<\/p>\n","protected":false},"author":2,"featured_media":0,"parent":0,"menu_order":0,"comment_status":"closed","ping_status":"closed","template":"","meta":{"_et_pb_use_builder":"on","_et_pb_old_content":"","_et_gb_content_width":"","footnotes":""},"class_list":["post-1054","page","type-page","status-publish","hentry"],"_links":{"self":[{"href":"https:\/\/innovalia.com\/es\/wp-json\/wp\/v2\/pages\/1054"}],"collection":[{"href":"https:\/\/innovalia.com\/es\/wp-json\/wp\/v2\/pages"}],"about":[{"href":"https:\/\/innovalia.com\/es\/wp-json\/wp\/v2\/types\/page"}],"author":[{"embeddable":true,"href":"https:\/\/innovalia.com\/es\/wp-json\/wp\/v2\/users\/2"}],"replies":[{"embeddable":true,"href":"https:\/\/innovalia.com\/es\/wp-json\/wp\/v2\/comments?post=1054"}],"version-history":[{"count":3,"href":"https:\/\/innovalia.com\/es\/wp-json\/wp\/v2\/pages\/1054\/revisions"}],"predecessor-version":[{"id":1064,"href":"https:\/\/innovalia.com\/es\/wp-json\/wp\/v2\/pages\/1054\/revisions\/1064"}],"wp:attachment":[{"href":"https:\/\/innovalia.com\/es\/wp-json\/wp\/v2\/media?parent=1054"}],"curies":[{"name":"wp","href":"https:\/\/api.w.org\/{rel}","templated":true}]}}