{"id":1032,"date":"2021-07-01T09:03:33","date_gmt":"2021-07-01T09:03:33","guid":{"rendered":"https:\/\/innovalia.com\/services\/"},"modified":"2025-11-13T13:16:10","modified_gmt":"2025-11-13T13:16:10","slug":"soluciones","status":"publish","type":"page","link":"https:\/\/innovalia.com\/es\/soluciones\/","title":{"rendered":"Soluciones"},"content":{"rendered":"<p>[et_pb_section fb_built=\u00bb1&#8243; _builder_version=\u00bb4.16&#8243; _module_preset=\u00bbdefault\u00bb global_colors_info=\u00bb{}\u00bb][et_pb_row _builder_version=\u00bb4.16&#8243; _module_preset=\u00bbdefault\u00bb global_colors_info=\u00bb{}\u00bb][et_pb_column type=\u00bb4_4&#8243; _builder_version=\u00bb4.16&#8243; _module_preset=\u00bbdefault\u00bb global_colors_info=\u00bb{}\u00bb][et_pb_text _builder_version=\u00bb4.27.4&#8243; _module_preset=\u00bbdefault\u00bb custom_margin=\u00bb||17px|||\u00bb global_colors_info=\u00bb{}\u00bb]<\/p>\n<h1>SOLUCIONES<\/h1>\n<p>[\/et_pb_text][et_pb_text _builder_version=\u00bb4.27.4&#8243; _module_preset=\u00bbdefault\u00bb custom_margin=\u00bb||18px|||\u00bb global_colors_info=\u00bb{}\u00bb]<\/p>\n<p>INNOVALIA\u00a0 group es un grupo estrat\u00e9gico global de empresas de base tecnol\u00f3gica -creadas en el a\u00f1o 2000- dedicadas a las tecnolog\u00edas digitales y a la fabricaci\u00f3n avanzada \u2013 dirigidas a la digitalizaci\u00f3n de la industria.<\/p>\n<p>El grupo re\u00fane diferentes competencias, capacidades, instalaciones, infraestructuras y recursos, movilizando compa\u00f1\u00edas y desarrollando equipos multidisciplinares para ofrecer una gran variedad de soluciones y productos, adaptados a las necesidades espec\u00edficas de clientes p\u00fablicos y privados.<\/p>\n<p>[\/et_pb_text][\/et_pb_column][\/et_pb_row][et_pb_row column_structure=\u00bb1_3,1_3,1_3&#8243; use_custom_gutter=\u00bbon\u00bb gutter_width=\u00bb1&#8243; make_equal=\u00bbon\u00bb module_class=\u00bbservicios-grid\u00bb _builder_version=\u00bb4.27.4&#8243; _module_preset=\u00bbdefault\u00bb width=\u00bb70%\u00bb width_tablet=\u00bb70%\u00bb width_phone=\u00bb100%\u00bb width_last_edited=\u00bbon|phone\u00bb height=\u00bb100%\u00bb custom_padding=\u00bb100px|||||\u00bb global_colors_info=\u00bb{}\u00bb][et_pb_column type=\u00bb1_3&#8243; _builder_version=\u00bb4.27.4&#8243; _module_preset=\u00bbdefault\u00bb global_colors_info=\u00bb{}\u00bb][et_pb_text _builder_version=\u00bb4.27.4&#8243; _module_preset=\u00bbdefault\u00bb max_width=\u00bb80%\u00bb module_alignment=\u00bbcenter\u00bb custom_margin_tablet=\u00bb\u00bb custom_margin_phone=\u00bb||6em||false|false\u00bb custom_margin_last_edited=\u00bbon|phone\u00bb hover_enabled=\u00bb0&#8243; global_colors_info=\u00bb{}\u00bb sticky_enabled=\u00bb0&#8243;]<\/p>\n<div class=\"icon-serv\"><img decoding=\"async\" src=\"http:\/\/innovalia.com\/wp-content\/uploads\/2021\/07\/consulting-1-min.png\" \/><\/div>\n<div class=\"text-serv\">\n<div class=\"desc-serv\">\n<h2>Consultor\u00eda estrat\u00e9gica en innovaci\u00f3n<\/h2>\n<p>Contamos con una amplia experiencia en la prestaci\u00f3n de soluciones especializados en innovaci\u00f3n, tecnolog\u00eda e internacionalizaci\u00f3n. Nuestra l\u00ednea de actuaci\u00f3n est\u00e1 estrechamente vinculada a la mejora industrial y la transformaci\u00f3n digital como generadores de cambio, desarrollo, competitividad y progreso.<\/p>\n<\/div>\n<div class=\"logo-texto\">CARSA &#8211; Avantalia<\/div>\n<\/div>\n<p>[\/et_pb_text][\/et_pb_column][et_pb_column type=\u00bb1_3&#8243; _builder_version=\u00bb4.16&#8243; _module_preset=\u00bbdefault\u00bb global_colors_info=\u00bb{}\u00bb][et_pb_text _builder_version=\u00bb4.27.4&#8243; _module_preset=\u00bbdefault\u00bb max_width=\u00bb85%\u00bb module_alignment=\u00bbcenter\u00bb custom_margin_tablet=\u00bb\u00bb custom_margin_phone=\u00bb||6em||false|false\u00bb custom_margin_last_edited=\u00bbon|phone\u00bb global_colors_info=\u00bb{}\u00bb]<\/p>\n<div class=\"icon-serv\"><img decoding=\"async\" src=\"http:\/\/innovalia.com\/wp-content\/uploads\/2021\/08\/desarrollo-min.png\" \/><\/div>\n<div class=\"text-serv\">\n<div class=\"desc-serv\">\n<h2>Desarrollo de producto y consultor\u00eda tecnol\u00f3gica<\/h2>\n<p>Dise\u00f1amos y creamos productos innovadores y ofrecemos servicios de desarrollo tecnol\u00f3gico a medida. Tambi\u00e9n te ofrecemos asesoramiento para la definici\u00f3n, elaboraci\u00f3n e implementaci\u00f3n de planes estrat\u00e9gicos enfocados a la innovaci\u00f3n, a la transformaci\u00f3n digital.<\/p>\n<\/div>\n<div class=\"logo-texto\"><\/div>\n<div class=\"logo-texto\">CARSA &#8211; Asociaci\u00f3n Innovalia &#8211; CBT<\/div>\n<\/div>\n<p>[\/et_pb_text][\/et_pb_column][et_pb_column type=\u00bb1_3&#8243; _builder_version=\u00bb4.27.4&#8243; _module_preset=\u00bbdefault\u00bb custom_css_main_element=\u00bbheight:100%;\u00bb global_colors_info=\u00bb{}\u00bb][et_pb_text _builder_version=\u00bb4.27.4&#8243; _module_preset=\u00bbdefault\u00bb max_width=\u00bb85%\u00bb module_alignment=\u00bbcenter\u00bb hover_enabled=\u00bb0&#8243; custom_css_main_element=\u00bbheight:100%;\u00bb global_colors_info=\u00bb{}\u00bb sticky_enabled=\u00bb0&#8243;]<\/p>\n<div class=\"icon-serv\"><img decoding=\"async\" src=\"http:\/\/innovalia.com\/wp-content\/uploads\/2021\/07\/brain-1-min.png\" \/><\/div>\n<div class=\"text-serv\">\n<div class=\"desc-serv\">\n<h2>Ciberseguridad<\/h2>\n<p class=\"margen-texto\">Construimos soluciones de ciberseguridad de \u00faltima generaci\u00f3n que te permitir\u00e1n proteger tu red IT. Te ayudamos a monitorizar el tr\u00e1fico de tu red y prevenir posibles ataques.<\/p>\n<\/div>\n<div class=\"logo-texto\">Redborder &#8211; SQS<\/div>\n<\/div>\n<p>[\/et_pb_text][\/et_pb_column][\/et_pb_row][et_pb_row column_structure=\u00bb1_3,1_3,1_3&#8243; use_custom_gutter=\u00bbon\u00bb gutter_width=\u00bb1&#8243; _builder_version=\u00bb4.16&#8243; _module_preset=\u00bbdefault\u00bb width=\u00bb70%\u00bb width_tablet=\u00bb70%\u00bb width_phone=\u00bb100%\u00bb width_last_edited=\u00bbon|phone\u00bb custom_padding=\u00bb100px|||||\u00bb global_colors_info=\u00bb{}\u00bb][et_pb_column type=\u00bb1_3&#8243; _builder_version=\u00bb4.16&#8243; _module_preset=\u00bbdefault\u00bb global_colors_info=\u00bb{}\u00bb][et_pb_text _builder_version=\u00bb4.27.4&#8243; _module_preset=\u00bbdefault\u00bb max_width=\u00bb80%\u00bb module_alignment=\u00bbcenter\u00bb custom_margin_tablet=\u00bb\u00bb custom_margin_phone=\u00bb||6em||false|false\u00bb custom_margin_last_edited=\u00bbon|phone\u00bb hover_enabled=\u00bb0&#8243; global_colors_info=\u00bb{}\u00bb sticky_enabled=\u00bb0&#8243;]<\/p>\n<div class=\"icon-serv\"><img decoding=\"async\" src=\"http:\/\/innovalia.com\/wp-content\/uploads\/2021\/07\/data-1-min.png\" \/><\/div>\n<div class=\"text-serv\">\n<div class=\"desc-serv\">\n<h2 style=\"margin-top: 10px;\">Desarrollo de software<\/h2>\n<p class=\"margen-texto2 mg-3\">Dise\u00f1amos y desarrollamos servicios software a medida para dar una soluci\u00f3n tecnol\u00f3gica a tus necesidades, mediante el uso de metodolog\u00edas \u00e1giles, an\u00e1lisis, implementaci\u00f3n de ERPs e implementaci\u00f3n en la nube.<\/p>\n<\/div>\n<div class=\"logo-texto\">3D Kumo &#8211; CBT<\/div>\n<\/div>\n<p>[\/et_pb_text][\/et_pb_column][et_pb_column type=\u00bb1_3&#8243; _builder_version=\u00bb4.16&#8243; _module_preset=\u00bbdefault\u00bb global_colors_info=\u00bb{}\u00bb][et_pb_text _builder_version=\u00bb4.27.4&#8243; _module_preset=\u00bbdefault\u00bb max_width=\u00bb80%\u00bb module_alignment=\u00bbcenter\u00bb custom_margin_tablet=\u00bb\u00bb custom_margin_phone=\u00bb||6em||false|false\u00bb custom_margin_last_edited=\u00bbon|phone\u00bb hover_enabled=\u00bb0&#8243; global_colors_info=\u00bb{}\u00bb sticky_enabled=\u00bb0&#8243;]<\/p>\n<div class=\"icon-serv\"><img decoding=\"async\" src=\"http:\/\/innovalia.com\/wp-content\/uploads\/2021\/08\/online-test-1-min.png\" \/><\/div>\n<div class=\"text-serv\">\n<div class=\"desc-serv\">\n<h2>Testing y calidad de software<\/h2>\n<p class=\"margen-texto2\"> te ayudamos a garantizar la calidad y el cumplimiento de requisitos est\u00e1ndares tu sistemas productos amparados en nuestra amplia experiencia cr\u00edticos seguridad entornos regulados aplicaciones comerciales <\/p>\n<\/div>\n<div class=\"logo-texto\">SQS<\/div>\n<\/div>\n<p>[\/et_pb_text][\/et_pb_column][et_pb_column type=\u00bb1_3&#8243; _builder_version=\u00bb4.16&#8243; _module_preset=\u00bbdefault\u00bb global_colors_info=\u00bb{}\u00bb][et_pb_text _builder_version=\u00bb4.27.4&#8243; _module_preset=\u00bbdefault\u00bb max_width=\u00bb80%\u00bb module_alignment=\u00bbcenter\u00bb custom_margin_tablet=\u00bb\u00bb custom_margin_phone=\u00bb||6em||false|false\u00bb custom_margin_last_edited=\u00bbon|phone\u00bb hover_enabled=\u00bb0&#8243; global_colors_info=\u00bb{}\u00bb sticky_enabled=\u00bb0&#8243;]<\/p>\n<div class=\"icon-serv\"><img loading=\"lazy\" decoding=\"async\" src=\"https:\/\/innovalia.com\/wp-content\/uploads\/2025\/11\/el-intercambio-de-datos-300x300.png\" width=\"300\" height=\"300\" alt=\"\" class=\"wp-image-1215 alignnone size-medium\" \/><\/div>\n<div class=\"text-serv\">\n<div class=\"desc-serv\">\n<h2>Soluciones para el intercambio de datos<\/h2>\n<p>Mejoramos la competitividad empresarial mediante soluciones de intercambio de datos, con plataformas tecnol\u00f3gicas de alto nivel y propuestas de gobernanza del dato basadas en est\u00e1ndares espec\u00edficos por sector.<\/p>\n<\/div>\n<div class=\"logo-texto\">Asociaci\u00f3n Innovalia &#8211; SQS<\/div>\n<\/div>\n<p>[\/et_pb_text][\/et_pb_column][\/et_pb_row][et_pb_row column_structure=\u00bb1_3,1_3,1_3&#8243; use_custom_gutter=\u00bbon\u00bb gutter_width=\u00bb1&#8243; _builder_version=\u00bb4.16&#8243; _module_preset=\u00bbdefault\u00bb width=\u00bb70%\u00bb width_tablet=\u00bb70%\u00bb width_phone=\u00bb100%\u00bb width_last_edited=\u00bbon|phone\u00bb custom_padding=\u00bb100px|||||\u00bb global_colors_info=\u00bb{}\u00bb][et_pb_column type=\u00bb1_3&#8243; _builder_version=\u00bb4.16&#8243; _module_preset=\u00bbdefault\u00bb global_colors_info=\u00bb{}\u00bb][et_pb_text _builder_version=\u00bb4.27.4&#8243; _module_preset=\u00bbdefault\u00bb max_width=\u00bb80%\u00bb module_alignment=\u00bbcenter\u00bb custom_margin_tablet=\u00bb\u00bb custom_margin_phone=\u00bb||6em||false|false\u00bb custom_margin_last_edited=\u00bbon|phone\u00bb hover_enabled=\u00bb0&#8243; global_colors_info=\u00bb{}\u00bb sticky_enabled=\u00bb0&#8243;]<\/p>\n<div class=\"icon-serv\"><img loading=\"lazy\" decoding=\"async\" src=\"https:\/\/innovalia.com\/wp-content\/uploads\/2025\/11\/inteligencia-artificial-300x300.png\" width=\"300\" height=\"300\" alt=\"\" class=\"wp-image-1220 alignnone size-medium\" \/><\/div>\n<div class=\"text-serv\">\n<div class=\"desc-serv\">\n<h2>Inteligencia Artificial<\/h2>\n<p class=\"margen-texto\">Dise\u00f1amos soluciones personalizadas basadas en IA que mejoran la eficiencia, la toma de decisiones y la innovaci\u00f3n. Acompa\u00f1amos en todo el proceso, desde la estrategia y el desarrollo hasta la integraci\u00f3n y el despliegue de las soluciones dise\u00f1adas.<\/p>\n<\/div>\n<div class=\"logo-texto\">CBT &#8211; SQS &#8211; CARSA &#8211; Asociaci\u00f3n Innovalia<\/div>\n<\/div>\n<p>[\/et_pb_text][\/et_pb_column][et_pb_column type=\u00bb1_3&#8243; _builder_version=\u00bb4.16&#8243; _module_preset=\u00bbdefault\u00bb global_colors_info=\u00bb{}\u00bb][et_pb_text _builder_version=\u00bb4.27.4&#8243; _module_preset=\u00bbdefault\u00bb max_width=\u00bb80%\u00bb module_alignment=\u00bbcenter\u00bb custom_margin_tablet=\u00bb\u00bb custom_margin_phone=\u00bb||6em||false|false\u00bb custom_margin_last_edited=\u00bbon|phone\u00bb global_colors_info=\u00bb{}\u00bb]<\/p>\n<div class=\"icon-serv\"><img decoding=\"async\" src=\"http:\/\/innovalia.com\/wp-content\/uploads\/2021\/08\/illustration-min.png\" \/><\/div>\n<div class=\"text-serv\">\n<div class=\"desc-serv\">\n<h2>Estrategias de comunicaci\u00f3n, branding y dise\u00f1o web<\/h2>\n<p>Elaboramos estrategias de comunicaci\u00f3n personalizadas, con un conocimiento avanzado de los nuevos canales digitales. Construimos, gestionamos y potenciamos tu imagen de marca. Dise\u00f1amos y desarrollamos tu p\u00e1gina web a medida, con los m\u00e1s altos est\u00e1ndares de usabilidad y experiencia de usuario.<\/p>\n<\/div>\n<div class=\"logo-texto\">CBT<\/div>\n<\/div>\n<p>[\/et_pb_text][\/et_pb_column][et_pb_column type=\u00bb1_3&#8243; _builder_version=\u00bb4.16&#8243; _module_preset=\u00bbdefault\u00bb global_colors_info=\u00bb{}\u00bb][et_pb_text _builder_version=\u00bb4.27.4&#8243; _module_preset=\u00bbdefault\u00bb max_width=\u00bb80%\u00bb module_alignment=\u00bbcenter\u00bb global_colors_info=\u00bb{}\u00bb]<\/p>\n<div class=\"icon-serv\"><img decoding=\"async\" src=\"http:\/\/innovalia.com\/wp-content\/uploads\/2021\/08\/interactive-min.png\" \/><\/div>\n<div class=\"text-serv\">\n<div class=\"desc-serv\">\n<h2>Organizaci\u00f3n de eventos e instalaciones interactivas<\/h2>\n<p>Conceptualizamos tu evento, tanto presencial como online, y nos encargamos de la planificaci\u00f3n, coordinaci\u00f3n y secretar\u00eda t\u00e9cnica. Investigamos, dise\u00f1amos e implementamos las \u00faltimas innovaciones tecnol\u00f3gicas para desarrollar instalaciones art\u00edsticas interactivas e inmersivas.<\/p>\n<\/div>\n<div class=\"logo-texto\">CBT &#8211; Technarte<\/div>\n<\/div>\n<p>[\/et_pb_text][\/et_pb_column][\/et_pb_row][et_pb_row column_structure=\u00bb1_3,1_3,1_3&#8243; use_custom_gutter=\u00bbon\u00bb gutter_width=\u00bb1&#8243; _builder_version=\u00bb4.16&#8243; _module_preset=\u00bbdefault\u00bb width=\u00bb70%\u00bb width_tablet=\u00bb70%\u00bb width_phone=\u00bb100%\u00bb width_last_edited=\u00bbon|phone\u00bb custom_padding=\u00bb100px|||||\u00bb global_colors_info=\u00bb{}\u00bb][et_pb_column type=\u00bb1_3&#8243; _builder_version=\u00bb4.16&#8243; _module_preset=\u00bbdefault\u00bb global_colors_info=\u00bb{}\u00bb][et_pb_text _builder_version=\u00bb4.27.4&#8243; _module_preset=\u00bbdefault\u00bb max_width=\u00bb80%\u00bb module_alignment=\u00bbcenter\u00bb custom_margin_tablet=\u00bb\u00bb custom_margin_phone=\u00bb||6em||false|false\u00bb custom_margin_last_edited=\u00bbon|phone\u00bb global_colors_info=\u00bb{}\u00bb]<\/p>\n<div class=\"icon-serv\"><img decoding=\"async\" src=\"http:\/\/innovalia.com\/wp-content\/uploads\/2021\/07\/innovation-1-min.png\" \/><\/div>\n<div class=\"text-serv\">\n<div class=\"desc-serv\">\n<h2>Ejecuci\u00f3n, soporte y gesti\u00f3n de proyectos de I+D<\/h2>\n<p>Proporcionamos soporte en la definici\u00f3n de estrategias de ejecuci\u00f3n de proyectos regionales, nacionales e internacionales, para conseguir una m\u00e1xima conversi\u00f3n de resultados de I+D en nuevos productos y soluciones.<\/p>\n<\/div>\n<div class=\"logo-texto\">CARSA &#8211; Asociaci\u00f3n Innovalia &#8211; Avantalia<\/div>\n<\/div>\n<p>[\/et_pb_text][\/et_pb_column][et_pb_column type=\u00bb1_3&#8243; _builder_version=\u00bb4.16&#8243; _module_preset=\u00bbdefault\u00bb global_colors_info=\u00bb{}\u00bb][et_pb_text _builder_version=\u00bb4.27.4&#8243; _module_preset=\u00bbdefault\u00bb max_width=\u00bb80%\u00bb module_alignment=\u00bbcenter\u00bb global_colors_info=\u00bb{}\u00bb]<\/p>\n<div class=\"icon-serv\"><img decoding=\"async\" src=\"http:\/\/innovalia.com\/wp-content\/uploads\/2021\/08\/brain-min.png\" \/><\/div>\n<div class=\"text-serv\">\n<div class=\"desc-serv\">\n<h2>Formaci\u00f3n y transferencia de conocimiento<\/h2>\n<p>Ofrecemos una amplia oferta de cursos de formaci\u00f3n relacionados con nuestras \u00e1reas de actividad: metrolog\u00eda, testing y calidad de software y gesti\u00f3n de la innovaci\u00f3n. Fomentamos las capacidades de las empresas a trav\u00e9s de la diseminaci\u00f3n de resultados y formaci\u00f3n de competencias.<\/p>\n<\/div>\n<div class=\"logo-texto\">Trimek &#8211; Unimetrik &#8211; Datapixel &#8211; Asociaci\u00f3n Innovalia &#8211; CARSA<\/div>\n<\/div>\n<p>[\/et_pb_text][\/et_pb_column][et_pb_column type=\u00bb1_3&#8243; _builder_version=\u00bb4.16&#8243; _module_preset=\u00bbdefault\u00bb global_colors_info=\u00bb{}\u00bb][et_pb_text _builder_version=\u00bb4.27.4&#8243; _module_preset=\u00bbdefault\u00bb max_width=\u00bb80%\u00bb module_alignment=\u00bbcenter\u00bb custom_margin_tablet=\u00bb\u00bb custom_margin_phone=\u00bb||||false|false\u00bb custom_margin_last_edited=\u00bbon|phone\u00bb hover_enabled=\u00bb0&#8243; global_colors_info=\u00bb{}\u00bb sticky_enabled=\u00bb0&#8243;]<\/p>\n<div class=\"icon-serv\"><img decoding=\"async\" src=\"http:\/\/innovalia.com\/wp-content\/uploads\/2021\/07\/rocket-1-min.png\" \/><\/div>\n<div class=\"text-serv\">\n<div class=\"desc-serv\">\n<h2>Apoyo a la emprendedur\u00eda<\/h2>\n<p class=\"margen-texto\">Mejoramos la competitividad empresarial a trav\u00e9s del dise\u00f1o, implantaci\u00f3n y consolidaci\u00f3n de procesos personalizados de innovaci\u00f3n a lo largo de todas las fases de vida de la empresa.<\/p>\n<\/div>\n<div class=\"logo-texto\">CARSA &#8211; Avantalia<\/div>\n<\/div>\n<p>[\/et_pb_text][\/et_pb_column][\/et_pb_row][et_pb_row column_structure=\u00bb1_3,1_3,1_3&#8243; use_custom_gutter=\u00bbon\u00bb gutter_width=\u00bb1&#8243; _builder_version=\u00bb4.16&#8243; _module_preset=\u00bbdefault\u00bb width=\u00bb70%\u00bb width_tablet=\u00bb70%\u00bb width_phone=\u00bb100%\u00bb width_last_edited=\u00bbon|phone\u00bb custom_padding=\u00bb100px|||||\u00bb global_colors_info=\u00bb{}\u00bb][et_pb_column type=\u00bb1_3&#8243; _builder_version=\u00bb4.16&#8243; _module_preset=\u00bbdefault\u00bb global_colors_info=\u00bb{}\u00bb][et_pb_text _builder_version=\u00bb4.27.4&#8243; _module_preset=\u00bbdefault\u00bb max_width=\u00bb80%\u00bb module_alignment=\u00bbcenter\u00bb custom_margin_tablet=\u00bb\u00bb custom_margin_phone=\u00bb||6em||false|false\u00bb custom_margin_last_edited=\u00bbon|phone\u00bb global_colors_info=\u00bb{}\u00bb]<\/p>\n<div class=\"icon-serv\"><img decoding=\"async\" src=\"http:\/\/innovalia.com\/wp-content\/uploads\/2021\/08\/cartesiano-min.png\" \/><\/div>\n<div class=\"text-serv\">\n<div class=\"desc-serv\">\n<h2>Dise\u00f1o y Fabricaci\u00f3n de M\u00e1quinas de Medici\u00f3n por Coordenadas<\/h2>\n<p>Te ofrecemos una amplia gama de productos y soluciones enfocadas al control de calidad y la inspecci\u00f3n en l\u00ednea, incluyendo sistemas port\u00e1tiles y nuestro software M3 para la captura y an\u00e1lisis de nubes de puntos.<\/p>\n<\/div>\n<div class=\"logo-texto\">Trimek &#8211; Unimetrik &#8211; Datapixel <\/div>\n<\/div>\n<p>[\/et_pb_text][\/et_pb_column][et_pb_column type=\u00bb1_3&#8243; _builder_version=\u00bb4.16&#8243; _module_preset=\u00bbdefault\u00bb global_colors_info=\u00bb{}\u00bb][et_pb_text _builder_version=\u00bb4.27.4&#8243; _module_preset=\u00bbdefault\u00bb max_width=\u00bb80%\u00bb module_alignment=\u00bbcenter\u00bb custom_margin_tablet=\u00bb\u00bb custom_margin_phone=\u00bb||6em||false|false\u00bb custom_margin_last_edited=\u00bbon|phone\u00bb hover_enabled=\u00bb0&#8243; global_colors_info=\u00bb{}\u00bb sticky_enabled=\u00bb0&#8243;]<\/p>\n<div class=\"icon-serv\"><img decoding=\"async\" src=\"http:\/\/innovalia.com\/wp-content\/uploads\/2021\/08\/calibrar-min.png\" \/><\/div>\n<div class=\"text-serv\">\n<div class=\"desc-serv\">\n<h2>Metrolog\u00eda y calibraci\u00f3n<\/h2>\n<p class=\"margen-texto\">Ofrecemos soluciones de medici\u00f3n, por palpado y sin contacto, en nuestras instalaciones y en l\u00ednea de producci\u00f3n. Calibramos y verificamos tus m\u00e1quinas, y te ofrecemos soluciones de mantenimiento y puesta a punto.<\/p>\n<\/div>\n<div class=\"logo-texto\">Trimek &#8211; Unimetrik &#8211; Datapixel<\/div>\n<\/div>\n<p>[\/et_pb_text][\/et_pb_column][et_pb_column type=\u00bb1_3&#8243; _builder_version=\u00bb4.16&#8243; _module_preset=\u00bbdefault\u00bb global_colors_info=\u00bb{}\u00bb][\/et_pb_column][\/et_pb_row][\/et_pb_section][et_pb_section fb_built=\u00bb1&#8243; _builder_version=\u00bb4.16&#8243; _module_preset=\u00bbdefault\u00bb background_color=\u00bb#1b202c\u00bb custom_padding=\u00bb37px||4px|||\u00bb saved_tabs=\u00bball\u00bb global_colors_info=\u00bb{}\u00bb][et_pb_row _builder_version=\u00bb4.16&#8243; _module_preset=\u00bbdefault\u00bb custom_padding=\u00bb7px|||||\u00bb global_colors_info=\u00bb{}\u00bb][et_pb_column type=\u00bb4_4&#8243; _builder_version=\u00bb4.16&#8243; _module_preset=\u00bbdefault\u00bb global_colors_info=\u00bb{}\u00bb][et_pb_image src=\u00bbhttp:\/\/innovalia.com\/wp-content\/uploads\/2021\/07\/Innovalia_negativocompleto-min.png\u00bb title_text=\u00bbInnovalia_negativocompleto-min\u00bb _builder_version=\u00bb4.16&#8243; _module_preset=\u00bbdefault\u00bb width=\u00bb10%\u00bb width_tablet=\u00bb\u00bb width_phone=\u00bb34%\u00bb width_last_edited=\u00bbon|phone\u00bb module_alignment=\u00bbcenter\u00bb global_colors_info=\u00bb{}\u00bb][\/et_pb_image][et_pb_text _builder_version=\u00bb4.16&#8243; _module_preset=\u00bbdefault\u00bb text_orientation=\u00bbcenter\u00bb background_layout=\u00bbdark\u00bb custom_margin=\u00bb-13px|||||\u00bb global_colors_info=\u00bb{}\u00bb]<\/p>\n<p>Innovalia Group<\/p>\n<p>[\/et_pb_text][\/et_pb_column][\/et_pb_row][et_pb_row module_id=\u00bbfooter-logos\u00bb _builder_version=\u00bb4.16&#8243; _module_preset=\u00bbdefault\u00bb width_tablet=\u00bb\u00bb width_phone=\u00bb90%\u00bb width_last_edited=\u00bbon|phone\u00bb module_alignment=\u00bbcenter\u00bb custom_margin=\u00bb||||false|false\u00bb custom_padding=\u00bb5px|||||\u00bb global_colors_info=\u00bb{}\u00bb][et_pb_column type=\u00bb4_4&#8243; _builder_version=\u00bb4.16&#8243; _module_preset=\u00bbdefault\u00bb global_colors_info=\u00bb{}\u00bb][et_pb_code _builder_version=\u00bb4.16&#8243; _module_preset=\u00bbdefault\u00bb custom_margin=\u00bb||||false|false\u00bb custom_padding=\u00bb|50px||50px|false|true\u00bb custom_padding_tablet=\u00bb\u00bb custom_padding_phone=\u00bb|0px||0px|false|true\u00bb custom_padding_last_edited=\u00bbon|phone\u00bb global_colors_info=\u00bb{}\u00bb]<\/p>\n<div class=\"logos-footer\"><!-- [et_pb_line_break_holder] -->  <img decoding=\"async\" class=\"logo-footer\" src=\"http:\/\/innovalia.com\/wp-content\/uploads\/2022\/01\/Sin-titulo-1.png\"><!-- [et_pb_line_break_holder] -->  <img decoding=\"async\" class=\"logo-footer\" src=\"http:\/\/innovalia.com\/wp-content\/uploads\/2022\/01\/technarte-footer.png\"><!-- [et_pb_line_break_holder] -->  <img decoding=\"async\" class=\"logo-footer\" src=\"http:\/\/innovalia.com\/wp-content\/uploads\/2022\/01\/3dkumo.png\"><!-- [et_pb_line_break_holder] -->  <img decoding=\"async\" class=\"logo-footer\" src=\"http:\/\/innovalia.com\/wp-content\/uploads\/2022\/01\/avntalia.png\"><!-- [et_pb_line_break_holder] -->  <img decoding=\"async\" class=\"logo-footer\" src=\"http:\/\/innovalia.com\/wp-content\/uploads\/2022\/01\/carsa.png\"><!-- [et_pb_line_break_holder] -->  <img decoding=\"async\" class=\"logo-footer\" src=\"http:\/\/innovalia.com\/wp-content\/uploads\/2022\/01\/cbt.png\"><!-- [et_pb_line_break_holder] -->  <img decoding=\"async\" class=\"logo-footer\" src=\"http:\/\/innovalia.com\/wp-content\/uploads\/2022\/01\/innovalia.png\"><!-- [et_pb_line_break_holder] -->  <img decoding=\"async\" class=\"logo-footer\" src=\"http:\/\/innovalia.com\/wp-content\/uploads\/2022\/01\/redborder.png\"><!-- [et_pb_line_break_holder] -->  <img decoding=\"async\" class=\"logo-footer\" src=\"http:\/\/innovalia.com\/wp-content\/uploads\/2022\/01\/sqs.png\"><!-- [et_pb_line_break_holder] --><\/div>\n<p>[\/et_pb_code][\/et_pb_column][\/et_pb_row][\/et_pb_section]<\/p>\n","protected":false},"excerpt":{"rendered":"<p>SOLUCIONESINNOVALIA\u00a0 group es un grupo estrat\u00e9gico global de empresas de base tecnol\u00f3gica -creadas en el a\u00f1o 2000- dedicadas a las tecnolog\u00edas digitales y a la fabricaci\u00f3n avanzada \u2013 dirigidas a la digitalizaci\u00f3n de la industria. El grupo re\u00fane diferentes competencias, capacidades, instalaciones, infraestructuras y recursos, movilizando compa\u00f1\u00edas y desarrollando equipos multidisciplinares para ofrecer una gran [&hellip;]<\/p>\n","protected":false},"author":2,"featured_media":0,"parent":0,"menu_order":0,"comment_status":"closed","ping_status":"closed","template":"","meta":{"_et_pb_use_builder":"on","_et_pb_old_content":"<!-- wp:divi\/placeholder \/-->","_et_gb_content_width":"","footnotes":""},"class_list":["post-1032","page","type-page","status-publish","hentry"],"_links":{"self":[{"href":"https:\/\/innovalia.com\/es\/wp-json\/wp\/v2\/pages\/1032"}],"collection":[{"href":"https:\/\/innovalia.com\/es\/wp-json\/wp\/v2\/pages"}],"about":[{"href":"https:\/\/innovalia.com\/es\/wp-json\/wp\/v2\/types\/page"}],"author":[{"embeddable":true,"href":"https:\/\/innovalia.com\/es\/wp-json\/wp\/v2\/users\/2"}],"replies":[{"embeddable":true,"href":"https:\/\/innovalia.com\/es\/wp-json\/wp\/v2\/comments?post=1032"}],"version-history":[{"count":91,"href":"https:\/\/innovalia.com\/es\/wp-json\/wp\/v2\/pages\/1032\/revisions"}],"predecessor-version":[{"id":1695,"href":"https:\/\/innovalia.com\/es\/wp-json\/wp\/v2\/pages\/1032\/revisions\/1695"}],"wp:attachment":[{"href":"https:\/\/innovalia.com\/es\/wp-json\/wp\/v2\/media?parent=1032"}],"curies":[{"name":"wp","href":"https:\/\/api.w.org\/{rel}","templated":true}]}}