{"id":1025,"date":"2021-08-26T08:26:49","date_gmt":"2021-08-26T08:26:49","guid":{"rendered":"https:\/\/innovalia.com\/areas\/"},"modified":"2025-11-10T10:13:23","modified_gmt":"2025-11-10T10:13:23","slug":"areas","status":"publish","type":"page","link":"https:\/\/innovalia.com\/es\/areas\/","title":{"rendered":"\u00c1reas"},"content":{"rendered":"<p>[et_pb_section fb_built=\u00bb1&#8243; _builder_version=\u00bb4.16&#8243; _module_preset=\u00bbdefault\u00bb global_colors_info=\u00bb{}\u00bb][et_pb_row _builder_version=\u00bb4.16&#8243; _module_preset=\u00bbdefault\u00bb locked=\u00bboff\u00bb global_colors_info=\u00bb{}\u00bb][et_pb_column type=\u00bb4_4&#8243; _builder_version=\u00bb4.16&#8243; _module_preset=\u00bbdefault\u00bb global_colors_info=\u00bb{}\u00bb][et_pb_text _builder_version=\u00bb4.16&#8243; _module_preset=\u00bbdefault\u00bb custom_margin=\u00bb||17px|||\u00bb global_colors_info=\u00bb{}\u00bb]<\/p>\n<h1>\u00c1REAS<\/h1>\n<p>[\/et_pb_text][et_pb_text _builder_version=\u00bb4.16&#8243; _module_preset=\u00bbdefault\u00bb custom_margin=\u00bb||18px|||\u00bb global_colors_info=\u00bb{}\u00bb]<\/p>\n<p>El grupo INNOVALIA nace en el a\u00f1o 2000 y se caracteriza por ser una alianza internacional de empresas basadas en las tecnolog\u00edas digitales y la fabricaci\u00f3n avanzada, cuyo objetivo principal es proporcionar a la industria herramientas para su transformaci\u00f3n digital. El grupo combina las diferentes habilidades y capacidades de 14 empresas y sus equipos multidisciplinares, para ofrecer una amplia diversidad de servicios y productos, que se adaptan a las necesidades de clientes tanto del sector p\u00fablico como privado, basados en un modelo de innovaci\u00f3n abierta.<\/p>\n<p>[\/et_pb_text][\/et_pb_column][\/et_pb_row][et_pb_row column_structure=\u00bb1_3,2_3&#8243; _builder_version=\u00bb4.16&#8243; _module_preset=\u00bbdefault\u00bb global_colors_info=\u00bb{}\u00bb][et_pb_column type=\u00bb1_3&#8243; _builder_version=\u00bb4.16&#8243; _module_preset=\u00bbdefault\u00bb background_image=\u00bbhttp:\/\/innovalia.com\/wp-content\/uploads\/2021\/07\/shutterstock_23965864-min-scaled.jpg\u00bb border_radii=\u00bbon|24px|24px|24px|24px\u00bb global_colors_info=\u00bb{}\u00bb][et_pb_text _builder_version=\u00bb4.16&#8243; _module_preset=\u00bbdefault\u00bb header_3_font=\u00bb|700|||||||\u00bb header_3_text_align=\u00bbcenter\u00bb header_3_text_color=\u00bb#FFFFFF\u00bb header_3_font_size=\u00bb32px\u00bb module_alignment=\u00bbcenter\u00bb custom_padding=\u00bb7em||7em||true|false\u00bb global_colors_info=\u00bb{}\u00bb][\/et_pb_text][\/et_pb_column][et_pb_column type=\u00bb2_3&#8243; _builder_version=\u00bb4.16&#8243; _module_preset=\u00bbdefault\u00bb global_colors_info=\u00bb{}\u00bb][et_pb_text _builder_version=\u00bb4.16&#8243; _module_preset=\u00bbdefault\u00bb custom_margin=\u00bb||17px|||\u00bb custom_padding=\u00bb23px|||||\u00bb global_colors_info=\u00bb{}\u00bb]<\/p>\n<h1>Consultor\u00eda<\/h1>\n<p>[\/et_pb_text][et_pb_text _builder_version=\u00bb4.17.3&#8243; _module_preset=\u00bbdefault\u00bb custom_margin=\u00bb||18px|||\u00bb global_colors_info=\u00bb{}\u00bb]<\/p>\n<p style=\"text-align: justify;\"><a href=\"https:\/\/innovalia.com\/es\/carsa\/\">CARSA<\/a> es una consultora de gesti\u00f3n de la innovaci\u00f3n, que proporciona asesor\u00eda estrat\u00e9gica, servicios de consultor\u00eda y asistencia t\u00e9cnica en transformaci\u00f3n digital, I+D, gesti\u00f3n de la innovaci\u00f3n, acceso a financiaci\u00f3n, internacionalizaci\u00f3n y apoyo en el desarrollo de pol\u00edticas, a clientes del sector p\u00fablico y privado. Su amplia experiencia se complementa con un equipo multidisciplinar de ingenieros, investigadores, abogados, economistas y expertos tem\u00e1ticos.<\/p>\n<p>[\/et_pb_text][\/et_pb_column][\/et_pb_row][et_pb_row column_structure=\u00bb1_3,2_3&#8243; _builder_version=\u00bb4.16&#8243; _module_preset=\u00bbdefault\u00bb global_colors_info=\u00bb{}\u00bb][et_pb_column type=\u00bb1_3&#8243; _builder_version=\u00bb4.16&#8243; _module_preset=\u00bbdefault\u00bb background_image=\u00bbhttp:\/\/innovalia.com\/wp-content\/uploads\/2021\/07\/cerebrotech.jpg\u00bb border_radii=\u00bbon|24px|24px|24px|24px\u00bb global_colors_info=\u00bb{}\u00bb][et_pb_text _builder_version=\u00bb4.16&#8243; _module_preset=\u00bbdefault\u00bb header_3_font=\u00bb|700|||||||\u00bb header_3_text_align=\u00bbcenter\u00bb header_3_text_color=\u00bb#FFFFFF\u00bb header_3_font_size=\u00bb32px\u00bb module_alignment=\u00bbcenter\u00bb custom_padding=\u00bb7em||7em||true|false\u00bb global_colors_info=\u00bb{}\u00bb][\/et_pb_text][\/et_pb_column][et_pb_column type=\u00bb2_3&#8243; _builder_version=\u00bb4.16&#8243; _module_preset=\u00bbdefault\u00bb global_colors_info=\u00bb{}\u00bb][et_pb_text _builder_version=\u00bb4.17.3&#8243; _module_preset=\u00bbdefault\u00bb custom_margin=\u00bb||17px|||\u00bb custom_padding=\u00bb23px|||||\u00bb global_colors_info=\u00bb{}\u00bb]<\/p>\n<h1>Digital<\/h1>\n<p>[\/et_pb_text][et_pb_text _builder_version=\u00bb4.17.3&#8243; _module_preset=\u00bbdefault\u00bb custom_margin=\u00bb||18px|||\u00bb global_colors_info=\u00bb{}\u00bb]<\/p>\n<p>Innovalia Digital incorpora los productos y servicios de <a href=\"https:\/\/innovalia.com\/es\/carsa\/\">CARSA<\/a>, <a href=\"https:\/\/innovalia.com\/es\/sqs\/\">SQS<\/a>, <a href=\"https:\/\/innovalia.com\/es\/cbt\/\">CBT<\/a> y\u00a0<a href=\"https:\/\/innovalia.com\/es\/redborder\/\">RedBorder<\/a> para apoyar a las empresas en la transformaci\u00f3n digital de su negocio, desde servicios de asesor\u00eda en digitalizaci\u00f3n hasta la integraci\u00f3n de soluciones para la transformaci\u00f3n digital.<\/p>\n<p>[\/et_pb_text][\/et_pb_column][\/et_pb_row][et_pb_row column_structure=\u00bb1_3,2_3&#8243; _builder_version=\u00bb4.16&#8243; _module_preset=\u00bbdefault\u00bb global_colors_info=\u00bb{}\u00bb][et_pb_column type=\u00bb1_3&#8243; _builder_version=\u00bb4.16&#8243; _module_preset=\u00bbdefault\u00bb background_image=\u00bbhttp:\/\/innovalia.com\/wp-content\/uploads\/2021\/07\/greg-rosenke-lyr9As2nAwI-unsplash-min-scaled.jpg\u00bb border_radii=\u00bbon|24px|24px|24px|24px\u00bb global_colors_info=\u00bb{}\u00bb][et_pb_text _builder_version=\u00bb4.16&#8243; _module_preset=\u00bbdefault\u00bb header_3_font=\u00bb|700|||||||\u00bb header_3_text_align=\u00bbcenter\u00bb header_3_text_color=\u00bb#FFFFFF\u00bb header_3_font_size=\u00bb32px\u00bb module_alignment=\u00bbcenter\u00bb custom_padding=\u00bb7em||7em||true|false\u00bb global_colors_info=\u00bb{}\u00bb][\/et_pb_text][\/et_pb_column][et_pb_column type=\u00bb2_3&#8243; _builder_version=\u00bb4.16&#8243; _module_preset=\u00bbdefault\u00bb global_colors_info=\u00bb{}\u00bb][et_pb_text _builder_version=\u00bb4.17.3&#8243; _module_preset=\u00bbdefault\u00bb custom_margin=\u00bb||17px|||\u00bb custom_padding=\u00bb23px|||||\u00bb global_colors_info=\u00bb{}\u00bb]<\/p>\n<h1>Metrolog\u00eda<\/h1>\n<p>[\/et_pb_text][et_pb_text _builder_version=\u00bb4.17.3&#8243; _module_preset=\u00bbdefault\u00bb custom_margin=\u00bb||18px|||\u00bb global_colors_info=\u00bb{}\u00bb]<\/p>\n<p style=\"text-align: justify;\"><a href=\"https:\/\/innovalia.com\/es\/metrology\/\">Innovalia Metrology<\/a> \u2013 integra los productos y servicios de Trimek, Datapixel y Unimetrik para ofrecer las mejores soluciones en metrolog\u00eda 3D y digital, proporcionando a sus clientes la posibilidad de alcanzar altos niveles de productividad, calidad y eficiencia en sus procesos de fabricaci\u00f3n.<\/p>\n<p>[\/et_pb_text][\/et_pb_column][\/et_pb_row][et_pb_row column_structure=\u00bb1_3,2_3&#8243; _builder_version=\u00bb4.16&#8243; _module_preset=\u00bbdefault\u00bb global_colors_info=\u00bb{}\u00bb][et_pb_column type=\u00bb1_3&#8243; _builder_version=\u00bb4.16&#8243; _module_preset=\u00bbdefault\u00bb background_image=\u00bbhttp:\/\/innovalia.com\/wp-content\/uploads\/2021\/07\/futuristic-technology-screen-interface-min-scaled.jpg\u00bb border_radii=\u00bbon|24px|24px|24px|24px\u00bb global_colors_info=\u00bb{}\u00bb][et_pb_text _builder_version=\u00bb4.16&#8243; _module_preset=\u00bbdefault\u00bb header_3_font=\u00bb|700|||||||\u00bb header_3_text_align=\u00bbcenter\u00bb header_3_text_color=\u00bb#FFFFFF\u00bb header_3_font_size=\u00bb32px\u00bb module_alignment=\u00bbcenter\u00bb custom_padding=\u00bb7em||7em||true|false\u00bb global_colors_info=\u00bb{}\u00bb][\/et_pb_text][\/et_pb_column][et_pb_column type=\u00bb2_3&#8243; _builder_version=\u00bb4.16&#8243; _module_preset=\u00bbdefault\u00bb global_colors_info=\u00bb{}\u00bb][et_pb_text _builder_version=\u00bb4.16&#8243; _module_preset=\u00bbdefault\u00bb custom_margin=\u00bb||17px|||\u00bb custom_padding=\u00bb23px|||||\u00bb global_colors_info=\u00bb{}\u00bb]<\/p>\n<h1>Investigaci\u00f3n y desarrollo<\/h1>\n<p>[\/et_pb_text][et_pb_text _builder_version=\u00bb4.17.3&#8243; _module_preset=\u00bbdefault\u00bb custom_margin=\u00bb||18px|||\u00bb global_colors_info=\u00bb{}\u00bb]<\/p>\n<p style=\"text-align: justify;\">Nuestra divisi\u00f3n de I+D est\u00e1 liderada por la <a href=\"https:\/\/innovalia.com\/es\/innovalia-association\/\">Asociaci\u00f3n Innovalia<\/a>, una unidad de investigaci\u00f3n privada con m\u00e1s de 25 a\u00f1os de experiencia en innovaci\u00f3n de productos y servicios con base tecnol\u00f3gica y orientados a mercado, en \u00e1reas como el desarrollo de soluciones para fabricaci\u00f3n avanzada, <em>cloud computing<\/em>, sistemas de producci\u00f3n ciberf\u00edsicos, plataformas digitales, an\u00e1lisis de datos industriales y software embebido.<\/p>\n<p>[\/et_pb_text][\/et_pb_column][\/et_pb_row][\/et_pb_section][et_pb_section fb_built=\u00bb1&#8243; _builder_version=\u00bb4.16&#8243; _module_preset=\u00bbdefault\u00bb background_color=\u00bb#1b202c\u00bb custom_padding=\u00bb37px||4px|||\u00bb global_colors_info=\u00bb{}\u00bb][et_pb_row _builder_version=\u00bb4.16&#8243; _module_preset=\u00bbdefault\u00bb custom_padding=\u00bb7px|||||\u00bb global_colors_info=\u00bb{}\u00bb][et_pb_column type=\u00bb4_4&#8243; _builder_version=\u00bb4.16&#8243; _module_preset=\u00bbdefault\u00bb global_colors_info=\u00bb{}\u00bb][et_pb_image src=\u00bbhttp:\/\/innovalia.com\/wp-content\/uploads\/2021\/07\/Innovalia_negativocompleto-min.png\u00bb title_text=\u00bbInnovalia_negativocompleto-min\u00bb _builder_version=\u00bb4.16&#8243; _module_preset=\u00bbdefault\u00bb width=\u00bb10%\u00bb module_alignment=\u00bbcenter\u00bb global_colors_info=\u00bb{}\u00bb][\/et_pb_image][et_pb_text _builder_version=\u00bb4.16&#8243; _module_preset=\u00bbdefault\u00bb text_orientation=\u00bbcenter\u00bb background_layout=\u00bbdark\u00bb custom_margin=\u00bb-13px|||||\u00bb global_colors_info=\u00bb{}\u00bb]<\/p>\n<p>Innovalia Group<\/p>\n<p>[\/et_pb_text][\/et_pb_column][\/et_pb_row][et_pb_row module_id=\u00bbfooter-logos\u00bb _builder_version=\u00bb4.16&#8243; _module_preset=\u00bbdefault\u00bb module_alignment=\u00bbcenter\u00bb custom_margin=\u00bb||||false|false\u00bb custom_padding=\u00bb5px|||||\u00bb global_colors_info=\u00bb{}\u00bb][et_pb_column type=\u00bb4_4&#8243; _builder_version=\u00bb4.16&#8243; _module_preset=\u00bbdefault\u00bb global_colors_info=\u00bb{}\u00bb][et_pb_code _builder_version=\u00bb4.16&#8243; _module_preset=\u00bbdefault\u00bb custom_margin=\u00bb||||false|false\u00bb custom_padding=\u00bb|50px||50px|false|true\u00bb global_colors_info=\u00bb{}\u00bb]<\/p>\n<div class=\"logos-footer\"><!-- [et_pb_line_break_holder] -->  <img decoding=\"async\" class=\"logo-footer\" src=\"http:\/\/innovalia.com\/wp-content\/uploads\/2022\/01\/Sin-titulo-1.png\"><!-- [et_pb_line_break_holder] -->  <img decoding=\"async\" class=\"logo-footer\" src=\"http:\/\/innovalia.com\/wp-content\/uploads\/2022\/01\/technarte-footer.png\"><!-- [et_pb_line_break_holder] -->  <img decoding=\"async\" class=\"logo-footer\" src=\"http:\/\/innovalia.com\/wp-content\/uploads\/2022\/01\/3dkumo.png\"><!-- [et_pb_line_break_holder] -->  <img decoding=\"async\" class=\"logo-footer\" src=\"http:\/\/innovalia.com\/wp-content\/uploads\/2022\/01\/avntalia.png\"><!-- [et_pb_line_break_holder] -->  <img decoding=\"async\" class=\"logo-footer\" src=\"http:\/\/innovalia.com\/wp-content\/uploads\/2022\/01\/carsa.png\"><!-- [et_pb_line_break_holder] -->  <img decoding=\"async\" class=\"logo-footer\" src=\"http:\/\/innovalia.com\/wp-content\/uploads\/2022\/01\/cbt.png\"><!-- [et_pb_line_break_holder] -->  <img decoding=\"async\" class=\"logo-footer\" src=\"http:\/\/innovalia.com\/wp-content\/uploads\/2022\/01\/innovalia.png\"><!-- [et_pb_line_break_holder] -->  <img decoding=\"async\" class=\"logo-footer\" src=\"http:\/\/innovalia.com\/wp-content\/uploads\/2022\/01\/redborder.png\"><!-- [et_pb_line_break_holder] -->  <img decoding=\"async\" class=\"logo-footer\" src=\"http:\/\/innovalia.com\/wp-content\/uploads\/2022\/01\/sqs.png\"><!-- [et_pb_line_break_holder] --><\/div>\n<p>[\/et_pb_code][\/et_pb_column][\/et_pb_row][\/et_pb_section]<\/p>\n","protected":false},"excerpt":{"rendered":"<p>\u00c1REASEl grupo INNOVALIA nace en el a\u00f1o 2000 y se caracteriza por ser una alianza internacional de empresas basadas en las tecnolog\u00edas digitales y la fabricaci\u00f3n avanzada, cuyo objetivo principal es proporcionar a la industria herramientas para su transformaci\u00f3n digital. El grupo combina las diferentes habilidades y capacidades de 14 empresas y sus equipos multidisciplinares, [&hellip;]<\/p>\n","protected":false},"author":2,"featured_media":0,"parent":0,"menu_order":0,"comment_status":"closed","ping_status":"closed","template":"","meta":{"_et_pb_use_builder":"on","_et_pb_old_content":"","_et_gb_content_width":"","footnotes":""},"class_list":["post-1025","page","type-page","status-publish","hentry"],"_links":{"self":[{"href":"https:\/\/innovalia.com\/es\/wp-json\/wp\/v2\/pages\/1025"}],"collection":[{"href":"https:\/\/innovalia.com\/es\/wp-json\/wp\/v2\/pages"}],"about":[{"href":"https:\/\/innovalia.com\/es\/wp-json\/wp\/v2\/types\/page"}],"author":[{"embeddable":true,"href":"https:\/\/innovalia.com\/es\/wp-json\/wp\/v2\/users\/2"}],"replies":[{"embeddable":true,"href":"https:\/\/innovalia.com\/es\/wp-json\/wp\/v2\/comments?post=1025"}],"version-history":[{"count":7,"href":"https:\/\/innovalia.com\/es\/wp-json\/wp\/v2\/pages\/1025\/revisions"}],"predecessor-version":[{"id":1311,"href":"https:\/\/innovalia.com\/es\/wp-json\/wp\/v2\/pages\/1025\/revisions\/1311"}],"wp:attachment":[{"href":"https:\/\/innovalia.com\/es\/wp-json\/wp\/v2\/media?parent=1025"}],"curies":[{"name":"wp","href":"https:\/\/api.w.org\/{rel}","templated":true}]}}